{"id":159,"date":"2012-12-12T22:58:12","date_gmt":"2012-12-12T21:58:12","guid":{"rendered":"https:\/\/teatertidningen.se\/wp\/?page_id=159"},"modified":"2024-09-07T12:10:21","modified_gmt":"2024-09-07T10:10:21","slug":"svenska-teaterlankar","status":"publish","type":"page","link":"https:\/\/teatertidningen.se\/?page_id=159","title":{"rendered":"Sverige"},"content":{"rendered":"<p>Organisationer<\/p>\n<ul>\n<li><a href=\"#ankare233280\">Recensioner<\/a><\/li>\n<li><a href=\"#ankare233623\">Institutionsteatrar<\/a><\/li>\n<li><a href=\"#ankare234180\">Fria grupper<\/a><\/li>\n<li><a href=\"#ankare234635\">Privatteatrar<\/a><\/li>\n<li><a href=\"#ankare234862\">\u00d6vriga spellokaler<\/a><\/li>\n<li><a href=\"#ankare235093\">Festivaler<\/a><\/li>\n<li><a href=\"#ankare235446\">Amat\u00f6rteater<\/a><\/li>\n<li><a href=\"#ankare235775\">Rollspel<\/a><\/li>\n<li><a href=\"#ankare236312\">Utbildningar<\/a><\/li>\n<li><a href=\"#ankare223137\">Teatermuseer<\/a><\/li>\n<li><a href=\"#Ankare236536\">\u00d6vriga teatertidningar<\/a><\/li>\n<li><a href=\"#Ankare5065\">Auditions etc<\/a>.<\/li>\n<li><a href=\"#Ankare83113\">Teaterf\u00f6rlag etc<\/a>.<\/li>\n<li><a href=\"#Ankare83488\">Teaterteknik etc<\/a>.<\/li>\n<li><a href=\"#Ankare83897\">Teatermask etc<\/a>.<\/li>\n<li><a href=\"#Ankare84207\">Teaterbiljetter<\/a><\/li>\n<li><a href=\"#Ankare104988\" name=\"ankare233000\">Teaterl\u00e4nksamlingar<\/a><\/li>\n<\/ul>\n<h1>Organisationer<\/h1>\n<ul>\n<li><a href=\"http:\/\/www.dramatiker.se\/\" target=\"_blank\" rel=\"noopener\">Dramatikerf\u00f6rbundet<\/a><\/li>\n<li><a href=\"http:\/\/www.atr.nu\/\" target=\"_blank\" rel=\"noopener\">Amat\u00f6rteaterns riksf\u00f6rbund<\/a><\/li>\n<li><a href=\"http:\/\/www.assitej.se\/\" target=\"_blank\" rel=\"noopener\">Assitej<\/a>, scenkonst f\u00f6r barn och unga<\/li>\n<li><a href=\"http:\/\/www.svenskscenkonst.se\/\" target=\"_blank\" rel=\"noopener\">Svensk scenkonst<\/a>, arbetsgivarorganisation<\/li>\n<li><a href=\"http:\/\/teaterunionen.se\/\" target=\"_blank\" rel=\"noopener\">Teaterunionen<\/a><\/li>\n<li><a href=\"http:\/\/www.teaterkritiker.se\/\" target=\"_blank\" rel=\"noopener\">Svenska teaterkritikers f\u00f6rening<\/a><\/li>\n<li><a href=\"http:\/\/www.sttf.se\/\" target=\"_blank\" rel=\"noopener\">Sveriges teatertekniska f\u00f6rening<\/a><\/li>\n<li><a href=\"http:\/\/www.teatercentrum.se\/\" target=\"_blank\" rel=\"noopener\">Teatercentrum<\/a><\/li>\n<li><a href=\"http:\/\/www.teaterforbundet.se\/\" target=\"_blank\" rel=\"noopener\">Teaterf\u00f6rbundet<\/a>, fackf\u00f6rbund<\/li>\n<li><a href=\"http:\/\/www.teateralliansen.se\/\" target=\"_blank\" rel=\"noopener\">Teateralliansen<\/a>, anst\u00e4ller frilansande regiss\u00f6rer och sk\u00e5despelare som uppfyller best\u00e4mda kriterier<\/li>\n<\/ul>\n<h1><a name=\"ankare233280\"><\/a>Recensioner och nyheter<\/h1>\n<ul>\n<li><a href=\"http:\/\/www.aftonbladet.se\/kultur\/teater\/\" target=\"_blank\" rel=\"noopener\">Aftonbladet<\/a><\/li>\n<li><a href=\"http:\/\/www.svd.se\/kultur\/scen\/\" target=\"_blank\" rel=\"noopener\">Svenska Dagbladet<\/a><\/li>\n<li><a href=\"http:\/\/www.expressen.se\/kultur\/scen\/\" target=\"_blank\" rel=\"noopener\">Expressen<\/a><\/li>\n<li><a href=\"http:\/\/www.dn.se\/kultur-noje\/scen\" target=\"_blank\" rel=\"noopener\">Dagens Nyheter<\/a><\/li>\n<\/ul>\n<h1><a name=\"ankare233623\"><\/a>Institutionsteatrar<\/h1>\n<ul>\n<li><a href=\"http:\/\/www.angeredsteater.se\/\" target=\"_blank\" rel=\"noopener\">Angereds Teater<\/a>, G\u00f6teborg<\/li>\n<li><a href=\"http:\/\/www.stadsteatern.goteborg.se\/backateater\" target=\"_blank\" rel=\"noopener\">Backa Teater<\/a>, G\u00f6teborg.<\/li>\n<li><a href=\"http:\/\/www.regionteatervast.se\/\" target=\"_blank\" rel=\"noopener\">Regionteater V\u00e4st<\/a><\/li>\n<li><a href=\"http:\/\/www.boras.se\/forvaltningar\/kulturforvaltningen\/kulturforvaltningen\/borasstadsteater\/borasstadsteater.4.82f0a312665003f0d800017817.html\" target=\"_blank\" rel=\"noopener\">Bor\u00e5s stadsteater<\/a><\/li>\n<li><a href=\"http:\/\/www.byteatern.se\/\" target=\"_blank\" rel=\"noopener\">Byteatern<\/a>, Kalmar l\u00e4ns teater<\/li>\n<li><a href=\"http:\/\/www.dramaten.se\/\" target=\"_blank\" rel=\"noopener\">Dramaten<\/a><\/li>\n<li><a href=\"http:\/\/www.dalateatern.se\/\" target=\"_blank\" rel=\"noopener\">Dalateatern<\/a>, Falun<\/li>\n<li><a href=\"http:\/\/www.dtm.se\/\" target=\"_blank\" rel=\"noopener\">Drottningholms slottsteater<\/a><\/li>\n<li><a href=\"http:\/\/www.folkoperan.se\/\" target=\"_blank\" rel=\"noopener\">Folkoperan<\/a>,\u00a0Stockholm<\/li>\n<li><a href=\"http:\/\/www.folkteatern.se\/\" target=\"_blank\" rel=\"noopener\">Folkteatern G\u00f6teborg<\/a><\/li>\n<li><a href=\"http:\/\/ltpg.se\/\" target=\"_blank\" rel=\"noopener\">L\u00e4nsteatern p\u00e5 Gotland<\/a><\/li>\n<li><a href=\"http:\/\/www.gavlefolkteater.se\/\" target=\"_blank\" rel=\"noopener\">Folkteatern G\u00e4vleborg<\/a><\/li>\n<li><a href=\"http:\/\/www.opera.se\/\" target=\"_blank\" rel=\"noopener\">G\u00f6teborgsoperan<\/a><\/li>\n<li><a href=\"http:\/\/www.stadsteatern.goteborg.se\/\" target=\"_blank\" rel=\"noopener\">G\u00f6teborgs stadsteater<\/a><\/li>\n<li><a href=\"http:\/\/www.helsingborgsstadsteater.se\" target=\"_blank\" rel=\"noopener\">Helsingborgs stadsteater.<\/a><\/li>\n<li><a href=\"http:\/\/www.teaterhalland.se\/\" target=\"_blank\" rel=\"noopener\">Teater Halland<\/a><\/li>\n<li><a href=\"http:\/\/www.malmostadsteater.se\/\" target=\"_blank\" rel=\"noopener\">Malm\u00f6 stadsteater<\/a><\/li>\n<li><a href=\"http:\/\/www.malmoopera.se\/\" target=\"_blank\" rel=\"noopener\">Malm\u00f6 Opera<\/a><\/li>\n<li><a href=\"http:\/\/www.norrbottensteatern.se\/\" target=\"_blank\" rel=\"noopener\">Norrbottensteatern<\/a><\/li>\n<li><a href=\"http:\/\/www.norrlandsoperan.se\/\" target=\"_blank\" rel=\"noopener\">Norrlandsoperan<\/a><\/li>\n<li><a href=\"http:\/\/www.operan.se\/\" target=\"_blank\" rel=\"noopener\">Kungliga Operan<\/a>, Stockholm<\/li>\n<li><a href=\"http:\/\/www.sr.se\/p1\/teater\/\" target=\"_blank\" rel=\"noopener\">Radioteatern\u00a0<\/a>med aktuell repertoar<\/li>\n<li><a href=\"http:\/\/www.regionteatern.se\/\" target=\"_blank\" rel=\"noopener\">Regionteatern Blekinge Kronoberg<\/a><\/li>\n<li><a href=\"http:\/\/www.riksteatern.se\" target=\"_blank\" rel=\"noopener\">Riksteatern<\/a><\/li>\n<li><a href=\"http:\/\/www.stadsteatern.stockholm.se\" target=\"_blank\" rel=\"noopener\">Stockholms stadsteater<\/a><\/li>\n<li><a href=\"http:\/\/www.smot.se\/\" target=\"_blank\" rel=\"noopener\">Sm\u00e5lands musik och teater<\/a><\/li>\n<li><a href=\"http:\/\/www.uppsalastadsteater.se\/\" target=\"_blank\" rel=\"noopener\">Uppsala stadsteater<\/a><\/li>\n<li><a href=\"http:\/\/www.wermlandopera.com\/\" target=\"_blank\" rel=\"noopener\">Wermland Opera<\/a><\/li>\n<li><a href=\"http:\/\/www.scenkonstbolaget.se\/omteater\" target=\"_blank\" rel=\"noopener\">Teater V\u00e4sternorrland<\/a><\/li>\n<li><a href=\"http:\/\/vastmanlandsteater.se\/\" target=\"_blank\" rel=\"noopener\">V\u00e4stmanlands teater<\/a><\/li>\n<li><a href=\"http:\/\/vasterbottensteatern.se\/\" target=\"_blank\" rel=\"noopener\">V\u00e4sterbottensteatern<\/a><\/li>\n<li><a href=\"http:\/\/www.ostgotateatern.se\/\" target=\"_blank\" rel=\"noopener\">\u00d6stg\u00f6tateatern<\/a><\/li>\n<li><a href=\"http:\/\/www.lansteatern.se\/\" target=\"_blank\" rel=\"noopener\">\u00d6rebro l\u00e4nsteater<\/a><\/li>\n<\/ul>\n<h1><a name=\"ankare234180\"><\/a>Fria grupper etc.<\/h1>\n<ul>\n<li><a href=\"http:\/\/www.abellis.com\/\" target=\"_blank\" rel=\"noopener\">Abellis magiska teater<\/a>.<\/li>\n<li><a href=\"http:\/\/www.larssonsochadas.se\/\" target=\"_blank\" rel=\"noopener\">larssons &amp; ADAS teater<\/a>, G\u00f6teborg<\/li>\n<li><a href=\"http:\/\/aktor.se\/\" target=\"_blank\" rel=\"noopener\">Akt\u00d6r<\/a>, G\u00f6teborg<\/li>\n<li><a title=\"Teater Albatross, Tokalyng\" href=\"http:\/\/teateralbatross.se\">Teater Albatross<\/a>, Tokalynga<\/li>\n<li><a href=\"http:\/\/www.allena.se\/\" target=\"_blank\" rel=\"noopener\">Teater Allena<\/a><\/li>\n<li><a href=\"http:\/\/www.atelierteatern.se\/\" target=\"_blank\" rel=\"noopener\">Atelierteatern<\/a>, G\u00f6teborg<\/li>\n<li><a href=\"http:\/\/www.teaterbarbara.nu\/\" target=\"_blank\" rel=\"noopener\">Teater Barbara<\/a>, Stockholm<\/li>\n<li><a href=\"http:\/\/www.barbes.se\/\" target=\"_blank\" rel=\"noopener\">Varit\u00e9teater Barb\u00e8s<\/a>, Malm\u00f6<\/li>\n<li><a href=\"http:\/\/www.boulevardteatern.se\/\" target=\"_blank\" rel=\"noopener\">Boulevardteatern<\/a>, Stockholm<\/li>\n<li><a href=\"http:\/\/www.cinnoberteater.com\/\" target=\"_blank\" rel=\"noopener\">Cinnober Teater<\/a>, G\u00f6teborg<\/li>\n<li><a href=\"http:\/\/www.cirkor.se\/\" target=\"_blank\" rel=\"noopener\">Cirkus Cirk\u00f6r<\/a>, Stockholm<\/li>\n<li><a href=\"http:\/\/www.cirkuselvira.se\/\" target=\"_blank\" rel=\"noopener\">Cirkus Elvira<\/a><\/li>\n<li><a href=\"http:\/\/www.dramalabbet.com\/\" target=\"_blank\" rel=\"noopener\">Dramalabbet<\/a>, Stockholm<\/li>\n<li><a href=\"http:\/\/www.4e.se\/\" target=\"_blank\" rel=\"noopener\">4:e teatern i V\u00e4ster\u00e5s<\/a><\/li>\n<li><a href=\"http:\/\/www.expressteatern.nu\/\" target=\"_blank\" rel=\"noopener\">Expressteatern<\/a>, Malm\u00f6<\/li>\n<li><a href=\"http:\/\/www.friateatern.se\/\" target=\"_blank\" rel=\"noopener\">Fria Teatern<\/a>, Sala<\/li>\n<li><a href=\"http:\/\/www.friteatern.se\/\" target=\"_blank\" rel=\"noopener\">Friteatern<\/a>,\u00a0Sundbyberg<\/li>\n<li><a href=\"http:\/\/www.galeasen.se\/\" target=\"_blank\" rel=\"noopener\">Teater Galeasen<\/a>, Stockholm<\/li>\n<li><a href=\"http:\/\/www.teatergiljotin.com\/\" target=\"_blank\" rel=\"noopener\">Teater Giljotin<\/a><\/li>\n<li><a href=\"http:\/\/www.gotlandsteater.se\/\" target=\"_blank\" rel=\"noopener\">Gotlands Teater<\/a><\/li>\n<li><a href=\"http:\/\/www.gest.se\/\" target=\"_blank\" rel=\"noopener\">Gothenburg English Speaking Theatre<\/a>, G\u00f6teborg<\/li>\n<li><a href=\"http:\/\/www.impro.a.se\/\" target=\"_blank\" rel=\"noopener\">Stockholms improvisationsteater<\/a><\/li>\n<li><a href=\"http:\/\/www.intercult.se\/\" target=\"_blank\" rel=\"noopener\">Intercult<\/a>, Stockholm<\/li>\n<li><a href=\"http:\/\/www.judiskateatern.se\" target=\"_blank\" rel=\"noopener\">Judiska Teatern<\/a><\/li>\n<li><a href=\"http:\/\/www.teaterkaos.se\/\" target=\"_blank\" rel=\"noopener\">Teater kaos<\/a>, Stockholm<\/li>\n<li><a href=\"http:\/\/www.lasseiparken.se\/\" target=\"_blank\" rel=\"noopener\">Teater Lasse i Parken<\/a>, Stockholm<\/li>\n<li><a href=\"http:\/\/www.teaterlacrimosa.net\/\" target=\"_blank\" rel=\"noopener\">Teater Lacrimosa<\/a>, Stockholm<\/li>\n<li><a href=\"http:\/\/www.lilithperformancestudio.com\" target=\"_blank\" rel=\"noopener\">Teater Lilith<\/a>, Malm\u00f6<\/li>\n<li><a href=\"http:\/\/www.masthuggsteatern.se\/\" target=\"_blank\" rel=\"noopener\">Masthuggsteatern<\/a>, G\u00f6teborg<\/li>\n<li><a href=\"http:\/\/www.stadsteatern.stockholm.se\/index.asp?marionetteatern\/marionetteatern.asp&amp;main\" target=\"_blank\" rel=\"noopener\">Marionetteatern<\/a><\/li>\n<li><a href=\"http:\/\/www.martinmutter.com\/\" target=\"_blank\" rel=\"noopener\">Martin Mutter<\/a>,\u00a0\u00d6rebro<\/li>\n<li><a href=\"http:\/\/www.moment.org.se\/\" target=\"_blank\" rel=\"noopener\">Moment<\/a>, Stockholm<\/li>\n<li><a href=\"http:\/\/www.moomsteatern.com\/\" target=\"_blank\" rel=\"noopener\">Moomsteatern<\/a>, Malm\u00f6<\/li>\n<li><a href=\"http:\/\/www.musikalteatern.com\/\" target=\"_blank\" rel=\"noopener\">Musikalteatern<\/a>, Stockholm<\/li>\n<li><a href=\"http:\/\/www.manteatern.se\/\" target=\"_blank\" rel=\"noopener\">M\u00e5nteatern<\/a>, Lund<\/li>\n<li><a href=\"http:\/\/www.obanteatern.se\/\" target=\"_blank\" rel=\"noopener\">Obanteatern<\/a>, Malm\u00f6<\/li>\n<li><a href=\"http:\/\/www.orionteatern.se\/\" target=\"_blank\" rel=\"noopener\">Orionteatern<\/a><\/li>\n<li><a href=\"http:\/\/www.panikteatern.se\/\" target=\"_blank\" rel=\"noopener\">Panikteatern<\/a>, Uppsala<\/li>\n<li><a href=\"http:\/\/www.pantomimteatern.com\/\" target=\"_blank\" rel=\"noopener\">Pantomimteatern<\/a>, Stockholm<\/li>\n<li><a href=\"http:\/\/www.papagena.se\/\" target=\"_blank\" rel=\"noopener\">Papagena<\/a>, Norrk\u00f6ping<\/li>\n<li><a href=\"http:\/\/www.pero.se\/\" target=\"_blank\" rel=\"noopener\">Teater Pero<\/a>, Stockholm<\/li>\n<li><a href=\"http:\/\/www.playhouseteater.se\/\" target=\"_blank\" rel=\"noopener\">Playhouse teater<\/a>, Stockholm<\/li>\n<li><a href=\"http:\/\/www.pomodori.nu\/\" target=\"_blank\" rel=\"noopener\">Teatergruppen PomoDori<\/a>, Stockholm<\/li>\n<li><a href=\"http:\/\/www.profilteatern.nu\/\" target=\"_blank\" rel=\"noopener\">Profilteatern<\/a>, Ume\u00e5<\/li>\n<li><a href=\"http:\/\/www.replica.nu\/\" target=\"_blank\" rel=\"noopener\">Teater Replica<\/a>, Stockholm<\/li>\n<li><a href=\"http:\/\/www.romateatern.se\/\" target=\"_blank\" rel=\"noopener\">Romateatern<\/a>, Gotland<\/li>\n<li><a href=\"http:\/\/www.teatersesam.se\/\" target=\"_blank\" rel=\"noopener\">Teater Sesam<\/a>, G\u00f6teborg<\/li>\n<li><a href=\"http:\/\/www.skillingeteater.com\/\" target=\"_blank\" rel=\"noopener\">Skillinge teater<\/a>, Skillinge<\/li>\n<li><a href=\"http:\/\/www.skottesmusikteater.com\/\" target=\"_blank\" rel=\"noopener\">Skottes musikteater<\/a>, G\u00e4vle<\/li>\n<li><a href=\"http:\/\/www.scratch.bd.se\/\" target=\"_blank\" rel=\"noopener\">Teater Scratch i Lule\u00e5<\/a><\/li>\n<li><a href=\"http:\/\/www.saffleoperan.se\/\" target=\"_blank\" rel=\"noopener\">S\u00e4ffleoperan<\/a><\/li>\n<li><a href=\"http:\/\/www.teateri.com\/\" target=\"_blank\" rel=\"noopener\">TEATER &#8221;i&#8221;<\/a>, J\u00f6nk\u00f6ping<\/li>\n<li><a href=\"http:\/\/www.teatermaskinen.com\/\" target=\"_blank\" rel=\"noopener\">Teatermaskinen<\/a>, Riddarhyttan<\/li>\n<li><a href=\"http:\/\/www.teater23.se\/\" target=\"_blank\" rel=\"noopener\">Teater 23<\/a>, Malm\u00f6<\/li>\n<li><a href=\"http:\/\/www.teaterspira.se\/\" target=\"_blank\" rel=\"noopener\">Teater Spira<\/a>, G\u00f6teborg<\/li>\n<li><a href=\"http:\/\/www.teatertre.se\/\" target=\"_blank\" rel=\"noopener\">Teater Tre<\/a>, Stockholm<\/li>\n<li><a href=\"http:\/\/www.tribunalen.com\/\" target=\"_blank\" rel=\"noopener\">Teater Tribunalen<\/a>, Stockholm<\/li>\n<li><a href=\"http:\/\/www.trixter.se\/\" target=\"_blank\" rel=\"noopener\">Teater Trixter<\/a>\u00a0i G\u00f6teborg<\/li>\n<li><a href=\"http:\/\/www.teatertropos.se\/\" target=\"_blank\" rel=\"noopener\">Teater Tropos<\/a>, V\u00e4ster\u00e5s.<\/li>\n<li><a href=\"http:\/\/www.turteatern.se\/\" target=\"_blank\" rel=\"noopener\">TURteatern<\/a>\u00a0i K\u00e4rrtorp, Stockholm<\/li>\n<li><a href=\"http:\/\/www.teateruno.se\/\" target=\"_blank\" rel=\"noopener\">Teater UNO<\/a>\u00a0i G\u00f6teborg<\/li>\n<li><a href=\"http:\/\/www.teatrweimar.se\/\" target=\"_blank\" rel=\"noopener\">Teatr Weimar<\/a>, Malm\u00f6<\/li>\n<li><a href=\"http:\/\/www.vastanateater.se\/\" target=\"_blank\" rel=\"noopener\">V\u00e4stan\u00e5 Teater<\/a>, V\u00e4rmland<\/li>\n<\/ul>\n<h1><a name=\"ankare234635\"><\/a>Privatteater<\/h1>\n<ul>\n<li><a href=\"http:\/\/www.chessthemusical.com\/\" target=\"_blank\" rel=\"noopener\">Chess<\/a>, musikalen p\u00e5 Cirkus Stockholm<\/li>\n<li><a href=\"http:\/\/www.duvemala.com\/\" target=\"_blank\" rel=\"noopener\">Kristina fr\u00e5n Duvem\u00e5la<\/a><\/li>\n<li><a href=\"http:\/\/www.mammamiathemusical.se\/\" target=\"_blank\" rel=\"noopener\">Mamma Mia<\/a>, Stockholm<\/li>\n<li><a href=\"http:\/\/www.maximteatern.com\/\" target=\"_blank\" rel=\"noopener\">Maximteatern<\/a>, Stockholm<\/li>\n<li><a href=\"http:\/\/www.gotalejon.se\/\" target=\"_blank\" rel=\"noopener\">G\u00f6ta Lejon<\/a>, Stockholm<\/li>\n<li><a href=\"http:\/\/www.oscarsteatern.se\/\" target=\"_blank\" rel=\"noopener\">Oscarsteatern<\/a>, Stockholm<\/li>\n<li><a href=\"http:\/\/www.slagthuset.se\/\" target=\"_blank\" rel=\"noopener\">Slagthuset<\/a>,\u00a0Malm\u00f6<\/li>\n<li><a href=\"http:\/\/sv.wikipedia.org\/wiki\/Vasateatern\" target=\"_blank\" rel=\"noopener\">Vasateatern<\/a>, Stockholm<\/li>\n<\/ul>\n<h1><a name=\"ankare234862\"><\/a>\u00d6vriga spellokaler<\/h1>\n<ul>\n<li><a href=\"http:\/\/www.dalhalla.se\/\" target=\"_blank\" rel=\"noopener\">Dalhalla<\/a>, R\u00e4ttvik<\/li>\n<li><a href=\"http:\/\/www.dansenshus.se\/\" target=\"_blank\" rel=\"noopener\">Dansens hus<\/a>,\u00a0Stockholm<\/li>\n<li><a href=\"http:\/\/www.dansstationen.nu\/\" target=\"_blank\" rel=\"noopener\">Dansstationen<\/a>,\u00a0Malm\u00f6<\/li>\n<li><a href=\"http:\/\/www.hamburgerbors.se\/\" target=\"_blank\" rel=\"noopener\">Hamburger b\u00f6rs<\/a>, Stockholm<\/li>\n<li><a href=\"http:\/\/www.sodrateatern.com\/\" target=\"_blank\" rel=\"noopener\">Mosebacke etablissemang\/S\u00f6dra Teatern<\/a>, Stockholm<\/li>\n<li><a href=\"http:\/\/goteborg.se\/wps\/portal\/storat\" target=\"_blank\" rel=\"noopener\">Pusterviksteatern<\/a>, G\u00f6teborg<\/li>\n<\/ul>\n<h1><a name=\"ankare235093\"><\/a>Festivaler<\/h1>\n<ul>\n<li><a href=\"http:\/\/www.festival.goteborg.se\/\" target=\"_blank\" rel=\"noopener\">G\u00f6teborgs dans- och teaterfestival<\/a><\/li>\n<li><a href=\"https:\/\/gbgmimefest.se\/\" target=\"_blank\" rel=\"noopener\">GBG Mime Fest<\/a><\/li>\n<\/ul>\n<h1><a name=\"ankare235446\"><\/a>Amat\u00f6rteater<\/h1>\n<ul>\n<li><a href=\"http:\/\/www.atr.nu\/\" target=\"_blank\" rel=\"noopener\">Amat\u00f6rteaterns riksf\u00f6rbund<\/a><\/li>\n<li><a href=\"http:\/\/nymos.se\/\" target=\"_blank\" rel=\"noopener\">NYMOS<\/a>, Nyk\u00f6pings musikal- och operetts\u00e4llskap<\/li>\n<li>Teatergruppen\u00a0<a href=\"http:\/\/www.dramatorerna.se\/\" target=\"_blank\" rel=\"noopener\">Dramat\u00f6rerna<\/a><\/li>\n<li><a href=\"http:\/\/www.m-a-f.org\/\" target=\"_blank\" rel=\"noopener\">Malm\u00f6 Amat\u00f6rteaterForum<\/a><\/li>\n<li>Amat\u00f6rteatertidningen Scendrag, \u00d6rebro (hemsida inaktuell)<\/li>\n<\/ul>\n<h1><a name=\"ankare235775\"><\/a>Rollspel<\/h1>\n<ul>\n<li><a href=\"http:\/\/www.sverok.se\/\" target=\"_blank\" rel=\"noopener\">SVEROK<\/a>, en rollspelsorganisation<\/li>\n<\/ul>\n<h1><a name=\"ankare236312\"><\/a>Utbildningar<\/h1>\n<ul>\n<li><a href=\"http:\/\/www.hsm.gu.se\/\" target=\"_blank\" rel=\"noopener\">H\u00f6gskolan f\u00f6r scen och musik<\/a>,\u00a0G\u00f6teborg<\/li>\n<li><a href=\"http:\/\/www.ltu.se\/edu\/program\/KKSKG\" target=\"_blank\" rel=\"noopener\">Teaterh\u00f6gskolan<\/a>, Lule\u00e5<\/li>\n<li><a href=\"http:\/\/www.thm.lu.se\/\" target=\"_blank\" rel=\"noopener\">Teaterh\u00f6gskolan<\/a>\u00a0i Malm\u00f6<\/li>\n<li><a href=\"http:\/\/www.folkuniversitetet.se\/skaraskolscen\" target=\"_blank\" rel=\"noopener\">Skara skolscen<\/a>, Skara<\/li>\n<li><a href=\"http:\/\/scenografiskolan.skelleftea.se\/\" target=\"_blank\" rel=\"noopener\">Nordiska scenografiskolan<\/a>, Skellefte\u00e5<\/li>\n<li><a href=\"http:\/\/www.stdh.se\/\" target=\"_blank\" rel=\"noopener\">Stockholms dramatiska h\u00f6gskola<\/a>\u00a0(f.d. Teaterh\u00f6gskolan respektive Dramatiska institutet som bildat en gemensam h\u00f6gskola)<\/li>\n<li><a href=\"http:\/\/www.calleflygare.se\/\">Calle Flygare<\/a>, Stockholm<\/li>\n<li><a href=\"http:\/\/sv.wikipedia.org\/wiki\/Teaterstudion\" target=\"_blank\" rel=\"noopener\">Teaterstudion<\/a>, Stockholm (artikel p\u00e5 Wikipedia)<\/li>\n<li><a href=\"http:\/\/www.teater.su.se\/\" target=\"_blank\" rel=\"noopener\">Institutionen f\u00f6r musik- och teatervetenskap<\/a>, Stockholm<\/li>\n<li><a href=\"http:\/\/www.kulturama.com\/\" target=\"_blank\" rel=\"noopener\">Kulturama<\/a>,\u00a0Stockholm<\/li>\n<li><a href=\"http:\/\/www.operahogskolan.se\/\" target=\"_blank\" rel=\"noopener\">Operah\u00f6gskolan<\/a>, Stockholm<\/li>\n<li><a href=\"http:\/\/www.gitis.net\/eng\/\" target=\"_blank\" rel=\"noopener\">Gitis<\/a>, den ber\u00f6mda ryska teaterh\u00f6gskolan<\/li>\n<li><a href=\"http:\/\/www.oru.se\/teater\" target=\"_blank\" rel=\"noopener\">Teaterpedagogprogrammet vid \u00d6rebro universitet<\/a>, \u00d6rebro<\/li>\n<li><a title=\"S\u00f6ktj\u00e4nst f\u00f6r kurser p\u00e5 n\u00e4tet\" href=\"http:\/\/www.kurser.se\/kurs\/teaterkurs\" target=\"_blank\" rel=\"noopener\">Kurser.se, s\u00f6ktj\u00e4nst p\u00e5 n\u00e4tet\u00a0f\u00f6r utbildningar<\/a><\/li>\n<li><a title=\"Kurser.se\" href=\"http:\/\/www.kurser.se\/guider\/olika-teaterstilar-11268\" target=\"_blank\" rel=\"noopener\">Kurser.se, kurser i olika teaterstilar<\/a><\/li>\n<\/ul>\n<h1><a name=\"Ankare223137\"><\/a>Teatermuseer<\/h1>\n<ul>\n<li><a href=\"http:\/\/www.dansmuseet.nu\/\" target=\"_blank\" rel=\"noopener\">Dansmuseet<\/a>, Stockholm<\/li>\n<li><a href=\"http:\/\/statensmusikverk.se\/musikochteatermuseet\/\" target=\"_blank\" rel=\"noopener\">Musik- och teatermus\u00e9et<\/a>,\u00a0Stockholm<\/li>\n<\/ul>\n<h1><a name=\"ankare236536\"><\/a>\u00d6vriga teatertidningar<\/h1>\n<ul>\n<li><a href=\"http:\/\/www.danstidningen.se\/\" target=\"_blank\" rel=\"noopener\">Danstidningen<\/a><\/li>\n<li><a href=\"http:\/\/www.nummer.se\/\" target=\"_blank\" rel=\"noopener\">Nummer<\/a>, teaternyheter p\u00e5 n\u00e4tet<\/li>\n<li><a href=\"http:\/\/teaterstockholm.se\/\" target=\"_blank\" rel=\"noopener\">Teaterstockholm<\/a>, repertoarlistor och nyhetsnotiser om teater i Stockholm<\/li>\n<li><a href=\"http:\/\/www.tidskriftenopera.nu\/\" target=\"_blank\" rel=\"noopener\">Tidskriften OPERA<\/a><\/li>\n<li><a href=\"http:\/\/www.teaterforbundet.se\/web\/Om_Akt.aspx\" target=\"_blank\" rel=\"noopener\">Scen och film<\/a>, f.d. Akt<\/li>\n<li><a href=\"http:\/\/www.shakespearesallskapet.se\/\" target=\"_blank\" rel=\"noopener\">Shakespeares\u00e4llskapet<\/a><\/li>\n<li><a href=\"http:\/\/www.dansportalen.se\/\" target=\"_blank\" rel=\"noopener\">Dansportalen<\/a>, en sida om aktuella f\u00f6rest\u00e4llningar.<\/li>\n<li><a href=\"http:\/\/www.musikal.net\/\" target=\"_blank\" rel=\"noopener\">Musikalnet<\/a>, en sida om aktuella musikaler b\u00e5de i Sverige och V\u00e4rlden<\/li>\n<li><a href=\"http:\/\/www.sttf.se\/proscen\/proscen.htm\" target=\"_blank\" rel=\"noopener\">Proscen<\/a>, tidskrift om teaterteknik<\/li>\n<li><a href=\"http:\/\/www.vor.nu\/\" target=\"_blank\" rel=\"noopener\">Visslingar &amp; Rop<\/a><\/li>\n<\/ul>\n<h1><a name=\"Ankare5065\"><\/a>Auditions etc.<\/h1>\n<ul>\n<li><a href=\"http:\/\/www.expresso.se\/\" target=\"_blank\" rel=\"noopener\">Expresso Net Casting<\/a>, h\u00e4r kan du s\u00f6ka svenska sk\u00e5despelare eller kanske annonsera ut dig sj\u00e4lv?<\/li>\n<li><a href=\"http:\/\/www.stagepool.com\/\" target=\"_blank\" rel=\"noopener\">Stagepool<\/a><\/li>\n<\/ul>\n<h1><a name=\"Ankare83113\"><\/a>Teaterf\u00f6rlag etc.<\/h1>\n<ul>\n<li type=\"disc\"><a href=\"http:\/\/www.colombine.se\/\" target=\"_blank\" rel=\"noopener\">Colombine teaterf\u00f6rlag<\/a><\/li>\n<li type=\"disc\"><a href=\"http:\/\/www.dramadirekt.com\/\" target=\"_blank\" rel=\"noopener\">DramaDirekt<\/a>, dramatikerf\u00f6rbundets pj\u00e4sbank<\/li>\n<li type=\"disc\"><a href=\"http:\/\/www.drakenteaterforlag.se\" target=\"_blank\" rel=\"noopener\">Draken teaterf\u00f6rlag<\/a><\/li>\n<\/ul>\n<h1><a name=\"Ankare83488\"><\/a>Teaterteknik etc.<\/h1>\n<ul>\n<li><a href=\"http:\/\/www.avab.se\/\" target=\"_blank\" rel=\"noopener\">AVAB<\/a>, en annan ljuss\u00e4ttningsfirma<\/li>\n<\/ul>\n<h1><a name=\"Ankare83897\"><\/a>Teatermask etc.<\/h1>\n<ul>\n<li><a href=\"http:\/\/www.makeup-fx.com\/\" target=\"_blank\" rel=\"noopener\">Mask- och peruksida<\/a><\/li>\n<li><a href=\"http:\/\/www.maskdesign.se\/exhibima.html\" target=\"_blank\" rel=\"noopener\">Teatermask<\/a>,\u00a0den moderna m\u00e4nniskans mask<\/li>\n<li><a href=\"http:\/\/www.artmask.com\/\" target=\"_blank\" rel=\"noopener\">Torbj\u00f6rn Alstr\u00f6m<\/a>, maskmakare<\/li>\n<\/ul>\n<h1><a name=\"Ankare84207\"><\/a>Teaterbiljetter<\/h1>\n<ul>\n<li><a href=\"http:\/\/www.ticnet.se\/\" target=\"_blank\" rel=\"noopener\">Ticnet<\/a><\/li>\n<li><a href=\"http:\/\/www.scenpass.nu\/\" target=\"_blank\" rel=\"noopener\">Scenpass<\/a>, bland annat biljetter till m\u00e5nga fria teatergrupper<\/li>\n<li><a href=\"http:\/\/www.teaterlistan.se\/\" target=\"_blank\" rel=\"noopener\">Teaterlistan<\/a>, kan hj\u00e4lpa dig med billiga biljetter<\/li>\n<\/ul>\n<h1><a name=\"Ankare104988\"><\/a>Teaterl\u00e4nksamlingar<\/h1>\n<ul>\n<li><a href=\"http:\/\/www.abelli.se\/theatrelinks\/\" target=\"_blank\" rel=\"noopener\">Svenska Teaterl\u00e4nken<\/a>, l\u00e4nkar till det mesta inom svensk teater<\/li>\n<li><a href=\"http:\/\/www.kultur1.se\/\" target=\"_blank\" rel=\"noopener\">Kultur1<\/a>, ny kulturl\u00e4nksamling<\/li>\n<li>\n<div id=\"gmail-m_516175925243128334bloop_customfont\"><a href=\"http:\/\/www.impro.se\/\" target=\"_blank\" rel=\"noopener\">www.impro.se<\/a>,\u00a0hemsida om\u00a0improvisationsteater i Sverige, med l\u00e4nkar<\/div>\n<\/li>\n<\/ul>\n","protected":false},"excerpt":{"rendered":"<p>Organisationer Recensioner Institutionsteatrar Fria grupper Privatteatrar \u00d6vriga spellokaler Festivaler Amat\u00f6rteater Rollspel Utbildningar Teatermuseer \u00d6vriga teatertidningar Auditions etc. Teaterf\u00f6rlag etc. Teaterteknik etc. Teatermask etc. Teaterbiljetter Teaterl\u00e4nksamlingar Organisationer Dramatikerf\u00f6rbundet Amat\u00f6rteaterns riksf\u00f6rbund Assitej, scenkonst f\u00f6r barn och unga Svensk scenkonst, arbetsgivarorganisation Teaterunionen Svenska teaterkritikers f\u00f6rening Sveriges teatertekniska f\u00f6rening Teatercentrum Teaterf\u00f6rbundet, fackf\u00f6rbund Teateralliansen, anst\u00e4ller frilansande regiss\u00f6rer och sk\u00e5despelare som [&hellip;]<\/p>\n","protected":false},"author":1,"featured_media":0,"parent":195,"menu_order":0,"comment_status":"closed","ping_status":"open","template":"","meta":[],"_links":{"self":[{"href":"https:\/\/teatertidningen.se\/index.php?rest_route=\/wp\/v2\/pages\/159"}],"collection":[{"href":"https:\/\/teatertidningen.se\/index.php?rest_route=\/wp\/v2\/pages"}],"about":[{"href":"https:\/\/teatertidningen.se\/index.php?rest_route=\/wp\/v2\/types\/page"}],"author":[{"embeddable":true,"href":"https:\/\/teatertidningen.se\/index.php?rest_route=\/wp\/v2\/users\/1"}],"replies":[{"embeddable":true,"href":"https:\/\/teatertidningen.se\/index.php?rest_route=%2Fwp%2Fv2%2Fcomments&post=159"}],"version-history":[{"count":38,"href":"https:\/\/teatertidningen.se\/index.php?rest_route=\/wp\/v2\/pages\/159\/revisions"}],"predecessor-version":[{"id":3446,"href":"https:\/\/teatertidningen.se\/index.php?rest_route=\/wp\/v2\/pages\/159\/revisions\/3446"}],"up":[{"embeddable":true,"href":"https:\/\/teatertidningen.se\/index.php?rest_route=\/wp\/v2\/pages\/195"}],"wp:attachment":[{"href":"https:\/\/teatertidningen.se\/index.php?rest_route=%2Fwp%2Fv2%2Fmedia&parent=159"}],"curies":[{"name":"wp","href":"https:\/\/api.w.org\/{rel}","templated":true}]}}