{"id":167,"date":"2012-12-13T00:41:51","date_gmt":"2012-12-12T23:41:51","guid":{"rendered":"https:\/\/teatertidningen.se\/wp\/?page_id=167"},"modified":"2012-12-14T23:04:00","modified_gmt":"2012-12-14T22:04:00","slug":"europa","status":"publish","type":"page","link":"https:\/\/teatertidningen.se\/?page_id=167","title":{"rendered":"Europa"},"content":{"rendered":"<h2>Organisationer<\/h2>\n<ul>\n<li><a href=\"http:\/\/www.ute-net.org\/\" target=\"_blank\">L&#8217;Union des Th\u00e9\u00e2tres de l&#8217;Europe<\/a>.<\/li>\n<li><a href=\"http:\/\/www.etc-centre.org\/\" target=\"_blank\">European Theatre Convention<\/a>.<\/li>\n<\/ul>\n<h2>Storbritannien<\/h2>\n<ul>\n<li><a href=\"http:\/\/www.londontheatre.co.uk\" target=\"_blank\">London Theatre Guide<\/a><\/li>\n<li><a href=\"http:\/\/www.theatrenet.co.uk\/\" target=\"_blank\">TheatreNet<\/a><\/li>\n<li><a href=\"http:\/\/www.shakespearesglobe.com\" target=\"_blank\">The Globe<\/a><\/li>\n<li><a href=\"http:\/\/www.royalcourttheatre.com\/\" target=\"_blank\">The Royal Court Theatre<\/a><\/li>\n<li><a href=\"http:\/\/www.donmarwarehouse.com\" target=\"_blank\">Donmar Warehouse<\/a>,\u00a0London<\/li>\n<li><a href=\"http:\/\/www.nationaltheatre.org.uk\/\" target=\"_blank\">Royal National Theatre<\/a><\/li>\n<li><a href=\"http:\/\/www.rsc.org.uk\/\" target=\"_blank\">Royal Shakespeare Company<\/a><\/li>\n<li><a href=\"http:\/\/www.uktw.co.uk\/\" target=\"_blank\">UK Theatre WEB<\/a><\/li>\n<li><a href=\"http:\/\/www.eif.co.uk\/\" target=\"_blank\">Edinburgh International Festival<\/a><\/li>\n<li><a href=\"http:\/\/www.edfringe.com\/\" target=\"_blank\">Edinburgh Fringe Festival<\/a><\/li>\n<li><a href=\"http:\/\/www.traverse.co.uk\/\" target=\"_blank\">The Traverse<\/a>, Edinburgh<\/li>\n<\/ul>\n<h2>Frankrike<\/h2>\n<ul>\n<li><a href=\"http:\/\/www.comedie-francaise.fr\/\" target=\"_blank\">Com\u00e9die Fran\u00e7ais<\/a>, Paris<\/li>\n<li><a href=\"http:\/\/www.theatre-chaillot.fr\/\" target=\"_blank\">Th\u00e9\u00e2tre National de Chaillot<\/a>, Paris<\/li>\n<li><a href=\"http:\/\/www.theatre-odeon.fr\/\" target=\"_blank\">Th\u00e9\u00e2tre Odeon<\/a>, Paris<\/li>\n<li><a href=\"http:\/\/www.theatre-du-soleil.fr\" target=\"_blank\">Th\u00e9\u00e2tre du Soleil<\/a>, Paris<\/li>\n<li><a href=\"http:\/\/www.festival-automne.com\/\" target=\"_blank\">Festival d&#8217;Automne \u00e0 Paris<\/a><\/li>\n<li><a href=\"http:\/\/www.festival-avignon.com\" target=\"_blank\">Festivalen i Avignon<\/a><\/li>\n<\/ul>\n<h1>Irland<\/h1>\n<ul>\n<li><a href=\"http:\/\/www.abbeytheatre.ie\/\" target=\"_blank\">Abbey Theatre<\/a>, Dublin<\/li>\n<li><a href=\"http:\/\/www.gate-theatre.ie\/\" target=\"_parent\">Gate Theatre<\/a>, Dublin<\/li>\n<li><a href=\"http:\/\/www.dublintheatrefestival.com\" target=\"_blank\">Dublin Theatre Festival<\/a><\/li>\n<\/ul>\n<h2>Polen<\/h2>\n<ul>\n<li><a href=\"http:\/\/www.teatrdramatyczny.pl\/\" target=\"_blank\">Teatr Dramatyczny<\/a>, Warzawa<\/li>\n<li><a href=\"http:\/\/www.rozmaitosci.pl\/\" target=\"_blank\">Teatr Rozmaitosci<\/a>, Warzawa<\/li>\n<li><a href=\"http:\/\/www.powszechny.art.pl\/\" target=\"_blank\">Teatr Powszechny<\/a>, Warzawa<\/li>\n<li><a href=\"http:\/\/www.stary-teatr.krakow.pl\/\" target=\"_blank\">Stary Teatr<\/a>, Krakow<\/li>\n<li><a href=\"http:\/\/www.wspolczesny.szczecin.pl\/\" target=\"_blank\">Teatr Wsp\u00f3lczesny<\/a>, Szczecin<\/li>\n<\/ul>\n<h1>Schweiz<\/h1>\n<ul>\n<li><a href=\"http:\/\/www.schauspielhaus.ch\/\" target=\"_blank\">Schauspielhaus<\/a>, Z\u00fcrich<\/li>\n<li><a href=\"http:\/\/www.theater-basel.ch\/\" target=\"_blank\">Theater Basel<\/a>, Basel<\/li>\n<\/ul>\n<h1>Tyskland<\/h1>\n<ul>\n<li><a href=\"http:\/\/www.berliner-ensemble.de\/\" target=\"_blank\">Berliner ensemble<\/a>, Berlin<\/li>\n<li><a href=\"http:\/\/www.deutschestheater.de\/\" target=\"_blank\">Deutsches Theater<\/a>,\u00a0Berlin<\/li>\n<li><a href=\"http:\/\/www.hebbel-theater.de\/\" target=\"_blank\">Hebbel Theater<\/a>, Berlin<\/li>\n<li><a href=\"http:\/\/www.renaissance-theater.de\/\" target=\"_blank\">Renaissance Theater<\/a>, Berlin<\/li>\n<li><a href=\"http:\/\/www.schaubuehne.de\/\" target=\"_blank\">Schaub\u00fchne am Lehniner Platz<\/a>, Berlin<\/li>\n<li><a href=\"http:\/\/www.volksbuehne-berlin.de\/\" target=\"_blank\">Volksb\u00fchne<\/a>, Berlin<\/li>\n<li><a href=\"http:\/\/www.schauspielhausbochum.de\/\" target=\"_blank\">Schauspielhaus<\/a>, Bochum<\/li>\n<li><a href=\"http:\/\/www.schauspiel.bonn.de\/\" target=\"_blank\">Schauspiel<\/a>, Bonn.<\/li>\n<li><a href=\"http:\/\/www.schauspielhaus.de\/\" target=\"_blank\">Deutsches Schauspielhaus<\/a>, Hamburg<\/li>\n<li><a href=\"http:\/\/www.thalia-theater.de\/\" target=\"_blank\">Thalia theater<\/a>, Hamburg<\/li>\n<li><a href=\"http:\/\/www.muenchner-kammerspiele.de\/\" target=\"_blank\">M\u00fcnchner Kammerspiel<\/a><\/li>\n<li><a href=\"http:\/\/www.staatstheater.bayern.de\/\" target=\"_blank\">Bayerische staatstheater<\/a>, M\u00fcnchen<\/li>\n<li><a href=\"http:\/\/www.staatstheater.stuttgart.de\/\" target=\"_blank\">Staatstheater<\/a>, Stuttgart<\/li>\n<li><a href=\"http:\/\/www.berlinerfestspiele.de\/de\/aktuell\/festivals\/theatertreffen\/ueber_festival_tt\/aktuell_tt\/start.php\" target=\"_blank\">Theatertreffen<\/a>, Berlin<\/li>\n<li><a href=\"http:\/\/www.ruhrfestspiele.de\/\" target=\"_blank\">Ruhr Festspiele<\/a><\/li>\n<li><a href=\"http:\/\/www.theaterheute.de\/\" target=\"_blank\">Theater heutes<\/a>\u00a0stora l\u00e4nksamling \u00f6ver tysk teater<\/li>\n<\/ul>\n<h1>\u00d6sterrike<\/h1>\n<ul>\n<li><a href=\"http:\/\/www.burgtheater.at\/\" target=\"_blank\">Burgtheater<\/a>, Wien<\/li>\n<li><a href=\"http:\/\/www.salzburgfestival.at\/\" target=\"_blank\">Salzburger Festspiele<\/a>, Salzburg<\/li>\n<li><a href=\"http:\/\/www.festwochen.at\/\" target=\"_blank\">Wiener Festwochen<\/a>, Wien<\/li>\n<\/ul>\n","protected":false},"excerpt":{"rendered":"<p>Organisationer L&#8217;Union des Th\u00e9\u00e2tres de l&#8217;Europe. European Theatre Convention. Storbritannien London Theatre Guide TheatreNet The Globe The Royal Court Theatre Donmar Warehouse,\u00a0London Royal National Theatre Royal Shakespeare Company UK Theatre WEB Edinburgh International Festival Edinburgh Fringe Festival The Traverse, Edinburgh Frankrike Com\u00e9die Fran\u00e7ais, Paris Th\u00e9\u00e2tre National de Chaillot, Paris Th\u00e9\u00e2tre Odeon, Paris Th\u00e9\u00e2tre du Soleil, [&hellip;]<\/p>\n","protected":false},"author":1,"featured_media":0,"parent":195,"menu_order":0,"comment_status":"closed","ping_status":"open","template":"sidebar-page.php","meta":[],"_links":{"self":[{"href":"https:\/\/teatertidningen.se\/index.php?rest_route=\/wp\/v2\/pages\/167"}],"collection":[{"href":"https:\/\/teatertidningen.se\/index.php?rest_route=\/wp\/v2\/pages"}],"about":[{"href":"https:\/\/teatertidningen.se\/index.php?rest_route=\/wp\/v2\/types\/page"}],"author":[{"embeddable":true,"href":"https:\/\/teatertidningen.se\/index.php?rest_route=\/wp\/v2\/users\/1"}],"replies":[{"embeddable":true,"href":"https:\/\/teatertidningen.se\/index.php?rest_route=%2Fwp%2Fv2%2Fcomments&post=167"}],"version-history":[{"count":10,"href":"https:\/\/teatertidningen.se\/index.php?rest_route=\/wp\/v2\/pages\/167\/revisions"}],"predecessor-version":[{"id":244,"href":"https:\/\/teatertidningen.se\/index.php?rest_route=\/wp\/v2\/pages\/167\/revisions\/244"}],"up":[{"embeddable":true,"href":"https:\/\/teatertidningen.se\/index.php?rest_route=\/wp\/v2\/pages\/195"}],"wp:attachment":[{"href":"https:\/\/teatertidningen.se\/index.php?rest_route=%2Fwp%2Fv2%2Fmedia&parent=167"}],"curies":[{"name":"wp","href":"https:\/\/api.w.org\/{rel}","templated":true}]}}