{"id":2039,"date":"2020-04-27T16:54:06","date_gmt":"2020-04-27T14:54:06","guid":{"rendered":"https:\/\/teatertidningen.se\/?page_id=2039"},"modified":"2025-07-01T12:58:47","modified_gmt":"2025-07-01T10:58:47","slug":"prenumerera-digitalt-for-200-kr-per-ar-fem-nummer","status":"publish","type":"page","link":"https:\/\/teatertidningen.se\/?page_id=2039","title":{"rendered":"Prenumerera digitalt"},"content":{"rendered":"<\/p>\n<p><strong>F\u00f6r en digital prenumeration eller f\u00f6r att du som redan \u00e4r prenumerant p\u00e5 v\u00e5r papperstidning ska kunna f\u00e5 tillg\u00e5ng ocks\u00e5 till v\u00e5r digitala utg\u00e5va, beh\u00f6ver du skapa ett inloggningskonto. H\u00e4r \u00e4r en guide till hur du registrerar ett inloggningskonto.\u00a0<\/strong><\/p>\n<\/p>\n<p><b>Om du inte redan \u00e4r prenumerant och vill b\u00f6rja prenumerera p\u00e5 papperstidningen eller p\u00e5 v\u00e5r digitala utg\u00e5va, anv\u00e4nd d\u00e5 v\u00e5rt vanliga prenumerationsformul\u00e4r h\u00e4r p\u00e5 hemsidan: <a href=\"https:\/\/teatertidningen.se\/?page_id=7\">https:\/\/teatertidningen.se\/?page_id=7<\/a>.<\/b><\/p>\n<\/p>\n<p><strong>En digital prenumeration kostar 250 kronor per \u00e5r, fem nummer. Du kan ocks\u00e5 v\u00e4lja att betala 25 kronor per m\u00e5nad (f\u00f6rsta m\u00e5naden kostar bara 1 krona), d\u00e5 kan du avsluta prenumerationen n\u00e4r du vill. I b\u00e4gge fallen f\u00e5r du tillg\u00e5ng till hela v\u00e5rt digitala arkiv, fr\u00e5n 2019 och fram\u00e5t.<\/strong><\/p>\n<\/p>\n<p><strong>F\u00f6r dig som redan prenumererar p\u00e5 papperstidningen ing\u00e5r den digitala utg\u00e5van.<\/strong><\/p>\n<\/p>\n<p><strong>Best\u00e4llningen g\u00f6r du via v\u00e5rt prenumerationsformul\u00e4r:\u00a0<\/strong><\/p>\n<p><strong><a href=\"https:\/\/natverkstan.premium.se\/tidskrift\/teatertidningen\">https:\/\/natverkstan.premium.se\/tidskrift\/teatertidningen<\/a><\/strong><\/p>\n<\/p>\n<p><strong>S\u00e5h\u00e4r g\u00f6r du f\u00f6r att aktivera ditt konto och f\u00e5 \u00e5tkomst till tidningen:<\/strong><\/p>\n<\/p>\n<p><strong>Mobilapp<\/strong><\/p>\n<p>Om du \u00e4r inne i mobilappen och f\u00f6rbi appens olika introduktionssteg s\u00e5 klickar du p\u00e5 den utg\u00e5va utav tidningen som du vill l\u00e4sa, eller p\u00e5 inst\u00e4llningar f\u00f6ljt utav \u201cLogga in\u201d, b\u00e5da dessa v\u00e4gar kommer att ta dig till inloggningsrutan.<\/p>\n<\/p>\n<p><strong>Webbsida<\/strong><\/p>\n<p>G\u00e5 in p\u00e5 v\u00e5r webbsida i Prenly d\u00e4r v\u00e5r digitala utg\u00e5va finns, <a href=\"http:\/\/teatertidningen.prenly.com\/\">www.teatertidningen.prenly.com<\/a>. Klicka sedan p\u00e5 \u201cLOGGA IN\u201d till h\u00f6ger i raden l\u00e4ngst upp, eller p\u00e5 den utg\u00e5va utav tidningen du vill l\u00e4sa, b\u00e5da dessa v\u00e4gar kommer att ta dig till inloggningsrutan.<\/p>\n<ul>\n<li>Klicka p\u00e5 l\u00e4nken \u201cSkapa konto\u201d.<\/li>\n<li>Fyll i din e-postadress och ditt \u00f6nskade l\u00f6senord och klicka p\u00e5 den bl\u00e5 knappen \u201cSkapa konto\u201d.<\/li>\n<\/ul>\n<p>L\u00f6senordet g\u00e5r sedan att \u00e4ndra under \u201cVisa profil\u201d -&gt; \u201cByt l\u00f6senord\u201d i inloggat l\u00e4ge n\u00e4r ditt konto v\u00e4l \u00e4r aktiverat.<\/p>\n<ul>\n<li>En gr\u00f6n text som ber\u00e4ttar att ett aktiveringsmejl skickats dyker upp under knappen f\u00f6r att skapa konto. G\u00e5 till din e-postklient och kolla inkorgen.<\/li>\n<\/ul>\n<p>Om du inte hittar brevet i inkorgen s\u00e5 kan det ha filtrerats bort och s\u00e5ledes hamnat i brevl\u00e5dan f\u00f6r Skr\u00e4ppost.<\/p>\n<ul>\n<li>Klicka p\u00e5 den bl\u00e5 knappen \u201cBekr\u00e4fta konto\u201d i mejlet.<\/li>\n<\/ul>\n<p>F\u00f6ljande steg uppkommer ifall den e-postadress du angivit inte blivit registrerad i samband med uppr\u00e4ttandet utav din prenumeration.<\/p>\n<ul>\n<li>I n\u00e4sta steg v\u00e4ljer du \u201cKoppla konto till prenumeration\u201d.<\/li>\n<\/ul>\n<ul>\n<li>I rutan under \u201cL\u00e4gg till prenumeration\u201d fyller du i ditt kundnummer.<\/li>\n<\/ul>\n<ul>\n<li>Tryck p\u00e5 knappen \u201cRegistrera\u201d.<\/li>\n<\/ul>\n<p><strong>Nu \u00e4r du klar<\/strong> <strong>och kan l\u00e4sa tidningen <\/strong>i din smartphone, p\u00e5 din surfplatta eller i din dator. Du har m\u00f6jlighet att l\u00e4sa den som en vanlig bl\u00e4ddrartidning, eller s\u00e5 kan du klicka p\u00e5 artiklarna f\u00f6r att l\u00e4sa dem i st\u00f6rre text eller p\u00e5 annan bakgrund. Du har \u00e4ven m\u00f6jlighet att f\u00e5 din tidning uppl\u00e4st. Klicka dig g\u00e4rna fram i verktygen och prova m\u00f6jligheterna!<\/p>\n","protected":false},"excerpt":{"rendered":"<p>F\u00f6r en digital prenumeration eller f\u00f6r att du som redan \u00e4r prenumerant p\u00e5 v\u00e5r papperstidning ska kunna f\u00e5 tillg\u00e5ng ocks\u00e5 till v\u00e5r digitala utg\u00e5va, beh\u00f6ver du skapa ett inloggningskonto. H\u00e4r \u00e4r en guide till hur du registrerar ett inloggningskonto.\u00a0 Om du inte redan \u00e4r prenumerant och vill b\u00f6rja prenumerera p\u00e5 papperstidningen eller p\u00e5 v\u00e5r digitala [&hellip;]<\/p>\n","protected":false},"author":4,"featured_media":0,"parent":0,"menu_order":0,"comment_status":"closed","ping_status":"open","template":"","meta":[],"_links":{"self":[{"href":"https:\/\/teatertidningen.se\/index.php?rest_route=\/wp\/v2\/pages\/2039"}],"collection":[{"href":"https:\/\/teatertidningen.se\/index.php?rest_route=\/wp\/v2\/pages"}],"about":[{"href":"https:\/\/teatertidningen.se\/index.php?rest_route=\/wp\/v2\/types\/page"}],"author":[{"embeddable":true,"href":"https:\/\/teatertidningen.se\/index.php?rest_route=\/wp\/v2\/users\/4"}],"replies":[{"embeddable":true,"href":"https:\/\/teatertidningen.se\/index.php?rest_route=%2Fwp%2Fv2%2Fcomments&post=2039"}],"version-history":[{"count":32,"href":"https:\/\/teatertidningen.se\/index.php?rest_route=\/wp\/v2\/pages\/2039\/revisions"}],"predecessor-version":[{"id":3705,"href":"https:\/\/teatertidningen.se\/index.php?rest_route=\/wp\/v2\/pages\/2039\/revisions\/3705"}],"wp:attachment":[{"href":"https:\/\/teatertidningen.se\/index.php?rest_route=%2Fwp%2Fv2%2Fmedia&parent=2039"}],"curies":[{"name":"wp","href":"https:\/\/api.w.org\/{rel}","templated":true}]}}