{"id":261,"date":"2012-12-14T23:50:08","date_gmt":"2012-12-14T22:50:08","guid":{"rendered":"https:\/\/teatertidningen.se\/wp\/?page_id=261"},"modified":"2012-12-16T18:57:54","modified_gmt":"2012-12-16T17:57:54","slug":"ovriga-kulturlankar","status":"publish","type":"page","link":"https:\/\/teatertidningen.se\/?page_id=261","title":{"rendered":"\u00d6vriga kulturl\u00e4nkar"},"content":{"rendered":"<h1>Svensk kultur p\u00e5 n\u00e4tet<\/h1>\n<ul>\n<li><a href=\"http:\/\/www.kultur.nu\/\" target=\"_blank\">Kulturn\u00e4t Sverige<\/a><\/li>\n<li><a href=\"http:\/\/www.svenskaakademien.se\/\" target=\"_blank\">Svenska Akademien<\/a><\/li>\n<li><a href=\"http:\/\/www.libris.kb.se\/\" target=\"_blank\">Libris<\/a>, den stora svenska bibliotekskatalogen<\/li>\n<li><a href=\"http:\/\/www.umea.se\/umeakommun\/kulturochfritid\/kultur.4.24495ffa11ce676967b800013358.html\" target=\"_blank\">Ume\u00e5s kulturliv<\/a><\/li>\n<li><a href=\"http:\/\/www.regeringen.se\/sb\/d\/8339\" target=\"_blank\">Kulturdepartementet<\/a><\/li>\n<li><a href=\"http:\/\/www.kulturradet.se\/\" target=\"_blank\">Kulturr\u00e5det<\/a><\/li>\n<li><a href=\"http:\/\/www.sbi.kb.se\/\" target=\"_blank\">Svenska barnboksinstitutet<\/a><\/li>\n<li><a href=\"http:\/\/www.svaf.se\/\">Svenska Antikvariatsf\u00f6reningen<\/a>.<\/li>\n<li><a href=\"http:\/\/www.kulturpool.se\/\" target=\"_blank\">Kulturpool<\/a>\u00a0en grupp f\u00f6rfattare, journalister och konstn\u00e4rer.<\/li>\n<li><a href=\"http:\/\/www.arbetsformedlingen.se\/\" target=\"_blank\">Arbetsf\u00f6rmedlingen<\/a><\/li>\n<li><a href=\"http:\/\/www.lysator.liu.se\/runeberg\/\">Projekt Runeberg<\/a><\/li>\n<\/ul>\n<h1>Tidskrifter<\/h1>\n<ul>\n<li><a href=\"http:\/\/www.tidskrift.nu\/\" target=\"_blank\">Sveriges kulturtidskrifter<\/a><\/li>\n<li><a href=\"http:\/\/glanta.org\/\" target=\"_blank\">Tidskriften Gl\u00e4nta<\/a><\/li>\n<li><a href=\"http:\/\/www.paletten.net\/\" target=\"_blank\">Konsttidskriften Paletten<\/a><\/li>\n<li><a href=\"http:\/\/www.tidskriftenordobild.se\/\" target=\"_blank\">Ord &amp; Bild<\/a><\/li>\n<li><a href=\"http:\/\/www.dialoger.se\/\" target=\"_blank\">Tidskriften Dialoger<\/a>\u00a0(sista numret gavs ut 2011)<\/li>\n<\/ul>\n<h1>Intressanta utl\u00e4ndska kulturl\u00e4nkar<\/h1>\n<ul>\n<li><a href=\"http:\/\/artnetweb.com\/\" target=\"_blank\">Artnet<\/a><\/li>\n<li><a href=\"http:\/\/www.paris.fr\/culture\" target=\"_blank\">Paris kultursida<\/a><\/li>\n<li><a href=\"http:\/\/www.zeit.de\" target=\"_blank\">Die Zeit<\/a>, den prestigfulla tyska tidningen<\/li>\n<li><a href=\"http:\/\/www.nybooks.com\/nyrev\/index.html\">New York Review of Books<\/a><\/li>\n<li><a href=\"http:\/\/www.timeout.co.uk\/\">Time Out<\/a>\u00a0med evenemangsprogram f\u00f6r bl.a. London, Berlin, Paris, New York, Prag&#8230;<\/li>\n<\/ul>\n","protected":false},"excerpt":{"rendered":"<p>Svensk kultur p\u00e5 n\u00e4tet Kulturn\u00e4t Sverige Svenska Akademien Libris, den stora svenska bibliotekskatalogen Ume\u00e5s kulturliv Kulturdepartementet Kulturr\u00e5det Svenska barnboksinstitutet Svenska Antikvariatsf\u00f6reningen. Kulturpool\u00a0en grupp f\u00f6rfattare, journalister och konstn\u00e4rer. Arbetsf\u00f6rmedlingen Projekt Runeberg Tidskrifter Sveriges kulturtidskrifter Tidskriften Gl\u00e4nta Konsttidskriften Paletten Ord &amp; Bild Tidskriften Dialoger\u00a0(sista numret gavs ut 2011) Intressanta utl\u00e4ndska kulturl\u00e4nkar Artnet Paris kultursida Die Zeit, den [&hellip;]<\/p>\n","protected":false},"author":1,"featured_media":0,"parent":195,"menu_order":0,"comment_status":"closed","ping_status":"open","template":"sidebar-page.php","meta":[],"_links":{"self":[{"href":"https:\/\/teatertidningen.se\/index.php?rest_route=\/wp\/v2\/pages\/261"}],"collection":[{"href":"https:\/\/teatertidningen.se\/index.php?rest_route=\/wp\/v2\/pages"}],"about":[{"href":"https:\/\/teatertidningen.se\/index.php?rest_route=\/wp\/v2\/types\/page"}],"author":[{"embeddable":true,"href":"https:\/\/teatertidningen.se\/index.php?rest_route=\/wp\/v2\/users\/1"}],"replies":[{"embeddable":true,"href":"https:\/\/teatertidningen.se\/index.php?rest_route=%2Fwp%2Fv2%2Fcomments&post=261"}],"version-history":[{"count":5,"href":"https:\/\/teatertidningen.se\/index.php?rest_route=\/wp\/v2\/pages\/261\/revisions"}],"predecessor-version":[{"id":276,"href":"https:\/\/teatertidningen.se\/index.php?rest_route=\/wp\/v2\/pages\/261\/revisions\/276"}],"up":[{"embeddable":true,"href":"https:\/\/teatertidningen.se\/index.php?rest_route=\/wp\/v2\/pages\/195"}],"wp:attachment":[{"href":"https:\/\/teatertidningen.se\/index.php?rest_route=%2Fwp%2Fv2%2Fmedia&parent=261"}],"curies":[{"name":"wp","href":"https:\/\/api.w.org\/{rel}","templated":true}]}}