{"id":269,"date":"2012-12-14T23:58:23","date_gmt":"2012-12-14T22:58:23","guid":{"rendered":"https:\/\/teatertidningen.se\/wp\/?page_id=269"},"modified":"2012-12-16T18:19:08","modified_gmt":"2012-12-16T17:19:08","slug":"dramatiker","status":"publish","type":"page","link":"https:\/\/teatertidningen.se\/?page_id=269","title":{"rendered":"Dramatiker p\u00e5 n\u00e4tet"},"content":{"rendered":"<h1>Dramatiker<\/h1>\n<ul>\n<li><a href=\"http:\/\/www.brechtsociety.org\/\" target=\"_blank\">Bertolt Brecht<\/a>, Internationella Brechts\u00e4llskapet<\/li>\n<li><a href=\"http:\/\/www.hd.uib.no\/ibsen\/\" target=\"_blank\">Henrik Ibsens cyberhem<\/a><\/li>\n<li><a href=\"http:\/\/www.fantasicentralen.se\/\" target=\"_blank\">Mats Arne Larsson<\/a><\/li>\n<li><a href=\"http:\/\/www.borjelindstrom.se\/\" target=\"_blank\">B\u00f6rje Lindstr\u00f6m<\/a><\/li>\n<li><a href=\"http:\/\/www.imagi-nation.com\/moonstruck\/clsc51.html\" target=\"_blank\">Tony Kushner<\/a><\/li>\n<li><a href=\"http:\/\/www.levity.com\/corduroy\/mamet.htm\" target=\"_blank\">David Mamet<\/a><\/li>\n<li><a href=\"http:\/\/www.haroldpinter.org\/\" target=\"_blank\">Harold Pinter<\/a><\/li>\n<li><a href=\"http:\/\/the-tech.mit.edu\/Shakespeare\" target=\"_blank\">Shakespeare<\/a>,\u00a0med bl.a. hans samlade verk<\/li>\n<li><a href=\"http:\/\/www.worldshakesbib.org\/\" target=\"_blank\">World Shakespeare Bibliography<\/a><\/li>\n<li><a href=\"http:\/\/www.departments.bucknell.edu\/theatre_dance\/Shepard\/shepard.html\" target=\"_blank\">Sam Shepard<\/a><\/li>\n<li><a href=\"http:\/\/www.strindbergsmuseet.se\/\" target=\"_blank\">Den officiella Strindbergsidan<\/a><\/li>\n<li><a href=\"http:\/\/www.extrapris.com\/strindberg.html\" target=\"_blank\">Strindbergs<\/a>\u00a0icke officiella hemsida!<\/li>\n<li><a href=\"http:\/\/www.peterweiss.org\/\" target=\"_blank\">Peter Weiss<\/a>\u00a0internationella s\u00e4llskap<\/li>\n<\/ul>\n<h1>Tons\u00e4ttare<\/h1>\n<ul>\n<li><a href=\"http:\/\/www.thomaslindahl.com\" target=\"_blank\">Thomas Lindahl<\/a><\/li>\n<\/ul>\n","protected":false},"excerpt":{"rendered":"<p>Dramatiker Bertolt Brecht, Internationella Brechts\u00e4llskapet Henrik Ibsens cyberhem Mats Arne Larsson B\u00f6rje Lindstr\u00f6m Tony Kushner David Mamet Harold Pinter Shakespeare,\u00a0med bl.a. hans samlade verk World Shakespeare Bibliography Sam Shepard Den officiella Strindbergsidan Strindbergs\u00a0icke officiella hemsida! Peter Weiss\u00a0internationella s\u00e4llskap Tons\u00e4ttare Thomas Lindahl<\/p>\n","protected":false},"author":1,"featured_media":0,"parent":195,"menu_order":0,"comment_status":"closed","ping_status":"open","template":"sidebar-page.php","meta":[],"_links":{"self":[{"href":"https:\/\/teatertidningen.se\/index.php?rest_route=\/wp\/v2\/pages\/269"}],"collection":[{"href":"https:\/\/teatertidningen.se\/index.php?rest_route=\/wp\/v2\/pages"}],"about":[{"href":"https:\/\/teatertidningen.se\/index.php?rest_route=\/wp\/v2\/types\/page"}],"author":[{"embeddable":true,"href":"https:\/\/teatertidningen.se\/index.php?rest_route=\/wp\/v2\/users\/1"}],"replies":[{"embeddable":true,"href":"https:\/\/teatertidningen.se\/index.php?rest_route=%2Fwp%2Fv2%2Fcomments&post=269"}],"version-history":[{"count":4,"href":"https:\/\/teatertidningen.se\/index.php?rest_route=\/wp\/v2\/pages\/269\/revisions"}],"predecessor-version":[{"id":275,"href":"https:\/\/teatertidningen.se\/index.php?rest_route=\/wp\/v2\/pages\/269\/revisions\/275"}],"up":[{"embeddable":true,"href":"https:\/\/teatertidningen.se\/index.php?rest_route=\/wp\/v2\/pages\/195"}],"wp:attachment":[{"href":"https:\/\/teatertidningen.se\/index.php?rest_route=%2Fwp%2Fv2%2Fmedia&parent=269"}],"curies":[{"name":"wp","href":"https:\/\/api.w.org\/{rel}","templated":true}]}}