{"id":385,"date":"2014-05-04T13:53:57","date_gmt":"2014-05-04T11:53:57","guid":{"rendered":"https:\/\/teatertidningen.se\/wp\/?page_id=385"},"modified":"2021-01-27T12:26:45","modified_gmt":"2021-01-27T11:26:45","slug":"annonsprislita","status":"publish","type":"page","link":"https:\/\/teatertidningen.se\/?page_id=385","title":{"rendered":"Annonsinformation"},"content":{"rendered":"<h1>Annonsera i Teatertidningen!<\/h1>\n<p>F\u00f6r pengarna n\u00e5r ni en grupp som \u00e4r speciellt intresserade av teater, men som ocks\u00e5 \u00e4r nyfikna p\u00e5 m\u00e5nga andra kulturyttringar.<\/p>\n<p>&nbsp;<\/p>\n<p>Annonser bokar du via\u00a0Teatertidningen,\u00a0mobilnummer +46 70 745 4641,\u00a0e-mail <a href=\"mailto:redaktionen@teatertidningen.se\">redaktionen@teatertidningen.se<\/a>\u00a0och <a href=\"mailto:birgitta@teatertidningen.se\">birgitta@teatertidningen.se<\/a>.<br \/> Mer information p\u00e5 v\u00e5r <a href=\"https:\/\/teatertidningen.se\/wp-content\/uploads\/Annonsprislista-Teatertidningen.pdf\" target=\"_blank\">Annonsprislista Teatertidningen<\/a>.<\/p>\n","protected":false},"excerpt":{"rendered":"<p>Annonsera i Teatertidningen! F\u00f6r pengarna n\u00e5r ni en grupp som \u00e4r speciellt intresserade av teater, men som ocks\u00e5 \u00e4r nyfikna p\u00e5 m\u00e5nga andra kulturyttringar. &nbsp; Annonser bokar du via\u00a0Teatertidningen,\u00a0mobilnummer +46 70 745 4641,\u00a0e-mail redaktionen@teatertidningen.se\u00a0och birgitta@teatertidningen.se. Mer information p\u00e5 v\u00e5r Annonsprislista Teatertidningen.<\/p>\n","protected":false},"author":3,"featured_media":0,"parent":0,"menu_order":0,"comment_status":"closed","ping_status":"open","template":"","meta":[],"_links":{"self":[{"href":"https:\/\/teatertidningen.se\/index.php?rest_route=\/wp\/v2\/pages\/385"}],"collection":[{"href":"https:\/\/teatertidningen.se\/index.php?rest_route=\/wp\/v2\/pages"}],"about":[{"href":"https:\/\/teatertidningen.se\/index.php?rest_route=\/wp\/v2\/types\/page"}],"author":[{"embeddable":true,"href":"https:\/\/teatertidningen.se\/index.php?rest_route=\/wp\/v2\/users\/3"}],"replies":[{"embeddable":true,"href":"https:\/\/teatertidningen.se\/index.php?rest_route=%2Fwp%2Fv2%2Fcomments&post=385"}],"version-history":[{"count":41,"href":"https:\/\/teatertidningen.se\/index.php?rest_route=\/wp\/v2\/pages\/385\/revisions"}],"predecessor-version":[{"id":2332,"href":"https:\/\/teatertidningen.se\/index.php?rest_route=\/wp\/v2\/pages\/385\/revisions\/2332"}],"wp:attachment":[{"href":"https:\/\/teatertidningen.se\/index.php?rest_route=%2Fwp%2Fv2%2Fmedia&parent=385"}],"curies":[{"name":"wp","href":"https:\/\/api.w.org\/{rel}","templated":true}]}}