{"id":58,"date":"2012-12-09T19:59:00","date_gmt":"2012-12-09T18:59:00","guid":{"rendered":"https:\/\/teatertidningen.se\/wp\/?page_id=58"},"modified":"2023-02-09T20:55:37","modified_gmt":"2023-02-09T19:55:37","slug":"om-teatertidningen","status":"publish","type":"page","link":"https:\/\/teatertidningen.se\/?page_id=58","title":{"rendered":"Om Teatertidningen"},"content":{"rendered":"<p>Sveriges st\u00f6rsta teatertidskrift h\u00e5ller dig underr\u00e4ttad om teaterv\u00e4rlden. I intervjuer, reportage och ess\u00e4er tar vi dig med till nyskapande upps\u00e4ttningar och till intressanta m\u00f6ten med regiss\u00f6rer och sk\u00e5despelare. Teatertidningen granskar kritiskt f\u00f6rh\u00e5llandena inom den svenska teatern. Under de senaste \u00e5ren har vi uppm\u00e4rksammats f\u00f6r v\u00e5ra belysande artiklar om kulturpolitik, hur strukturf\u00f6r\u00e4ndringar har p\u00e5verkat teatrarnas konstn\u00e4rliga arbete samt om teater och tro. I varje nummer bjuder vi p\u00e5 en nyskriven svensk pj\u00e4s, litteraturrecensioner och notismaterial.<\/p>\n<\/p>\n<p>Teatertidningen grundades 1977 och har funnits p\u00e5 webben sedan den 7 maj 1995.<\/p>\n<\/p>\n<p><strong>Chefredakt\u00f6r<\/strong> Birgitta Haglund<br \/>\n<strong>Ansvarig utgivare<\/strong> Rikard Hoogland <strong>Tel<\/strong>\u00a0+4670-745 4641<br \/>\n<strong>Hemsida\u00a0<\/strong><a title=\"Teatertidningen\" href=\"https:\/\/teatertidningen.se\">www.teatertidningen.se<\/a>\u00a0<strong>E-post <\/strong><a href=\"birgitta@teatertidningen.se\">birgitta@teatertidningen.se<\/a> eller <a href=\"birgitta@teatertidningen.se\">redaktionen@teatertidningen.se<br \/>\n<\/a><strong>Adress\u00a0<\/strong>Teatertidningen, Box 4066, 102 62 Stockholm<br \/>\n<strong>Bankgiro<\/strong> 755-1070<br \/>\n<strong>Antal nummer per \u00e5r<\/strong> 5\u00a0<strong>ISSN<\/strong> 1101-9107<\/p>\n","protected":false},"excerpt":{"rendered":"<p>Sveriges st\u00f6rsta teatertidskrift h\u00e5ller dig underr\u00e4ttad om teaterv\u00e4rlden. I intervjuer, reportage och ess\u00e4er tar vi dig med till nyskapande upps\u00e4ttningar och till intressanta m\u00f6ten med regiss\u00f6rer och sk\u00e5despelare. Teatertidningen granskar kritiskt f\u00f6rh\u00e5llandena inom den svenska teatern. Under de senaste \u00e5ren har vi uppm\u00e4rksammats f\u00f6r v\u00e5ra belysande artiklar om kulturpolitik, hur strukturf\u00f6r\u00e4ndringar har p\u00e5verkat teatrarnas konstn\u00e4rliga [&hellip;]<\/p>\n","protected":false},"author":1,"featured_media":0,"parent":0,"menu_order":0,"comment_status":"closed","ping_status":"open","template":"","meta":[],"_links":{"self":[{"href":"https:\/\/teatertidningen.se\/index.php?rest_route=\/wp\/v2\/pages\/58"}],"collection":[{"href":"https:\/\/teatertidningen.se\/index.php?rest_route=\/wp\/v2\/pages"}],"about":[{"href":"https:\/\/teatertidningen.se\/index.php?rest_route=\/wp\/v2\/types\/page"}],"author":[{"embeddable":true,"href":"https:\/\/teatertidningen.se\/index.php?rest_route=\/wp\/v2\/users\/1"}],"replies":[{"embeddable":true,"href":"https:\/\/teatertidningen.se\/index.php?rest_route=%2Fwp%2Fv2%2Fcomments&post=58"}],"version-history":[{"count":22,"href":"https:\/\/teatertidningen.se\/index.php?rest_route=\/wp\/v2\/pages\/58\/revisions"}],"predecessor-version":[{"id":2997,"href":"https:\/\/teatertidningen.se\/index.php?rest_route=\/wp\/v2\/pages\/58\/revisions\/2997"}],"wp:attachment":[{"href":"https:\/\/teatertidningen.se\/index.php?rest_route=%2Fwp%2Fv2%2Fmedia&parent=58"}],"curies":[{"name":"wp","href":"https:\/\/api.w.org\/{rel}","templated":true}]}}