{"id":637,"date":"2014-07-31T13:11:04","date_gmt":"2014-07-31T11:11:04","guid":{"rendered":"https:\/\/teatertidningen.se\/wp\/?page_id=637"},"modified":"2014-07-31T14:43:39","modified_gmt":"2014-07-31T12:43:39","slug":"kop-losnummer-2","status":"publish","type":"page","link":"https:\/\/teatertidningen.se\/?page_id=637","title":{"rendered":"K\u00f6p l\u00f6snummer"},"content":{"rendered":"<p>H\u00e4r kommer du inom en snar framtid att kunna best\u00e4lla l\u00f6snummer av Teatertidningen, via v\u00e5rt webbformul\u00e4r.\u00a0F\u00f6r best\u00e4llning\u00a0redan nu, var v\u00e4nlig mejla:\u00a0<a class=\"email-link\" href=\"mailto:r&#101;&#100;a&#107;ti&#111;n&#101;n&#64;&#116;&#101;a&#116;e&#114;&#116;&#105;dni&#110;ge&#110;&#46;&#115;e\" title=\"Email\" target=\"_blank\">&#114;&#101;dak&#116;&#105;&#111;n&#101;&#110;&#64;t&#101;&#97;ter&#116;&#105;d&#110;i&#110;&#103;&#101;&#110;&#46;s&#101;<\/a><\/p>\n","protected":false},"excerpt":{"rendered":"<p>H\u00e4r kommer du inom en snar framtid att kunna best\u00e4lla l\u00f6snummer av Teatertidningen, via v\u00e5rt webbformul\u00e4r.\u00a0F\u00f6r best\u00e4llning\u00a0redan nu, var v\u00e4nlig mejla:\u00a0<\/p>\n","protected":false},"author":4,"featured_media":0,"parent":0,"menu_order":0,"comment_status":"closed","ping_status":"open","template":"","meta":[],"_links":{"self":[{"href":"https:\/\/teatertidningen.se\/index.php?rest_route=\/wp\/v2\/pages\/637"}],"collection":[{"href":"https:\/\/teatertidningen.se\/index.php?rest_route=\/wp\/v2\/pages"}],"about":[{"href":"https:\/\/teatertidningen.se\/index.php?rest_route=\/wp\/v2\/types\/page"}],"author":[{"embeddable":true,"href":"https:\/\/teatertidningen.se\/index.php?rest_route=\/wp\/v2\/users\/4"}],"replies":[{"embeddable":true,"href":"https:\/\/teatertidningen.se\/index.php?rest_route=%2Fwp%2Fv2%2Fcomments&post=637"}],"version-history":[{"count":2,"href":"https:\/\/teatertidningen.se\/index.php?rest_route=\/wp\/v2\/pages\/637\/revisions"}],"predecessor-version":[{"id":657,"href":"https:\/\/teatertidningen.se\/index.php?rest_route=\/wp\/v2\/pages\/637\/revisions\/657"}],"wp:attachment":[{"href":"https:\/\/teatertidningen.se\/index.php?rest_route=%2Fwp%2Fv2%2Fmedia&parent=637"}],"curies":[{"name":"wp","href":"https:\/\/api.w.org\/{rel}","templated":true}]}}