{"id":659,"date":"2014-08-16T12:23:18","date_gmt":"2014-08-16T10:23:18","guid":{"rendered":"https:\/\/teatertidningen.se\/?page_id=659"},"modified":"2018-05-19T10:45:46","modified_gmt":"2018-05-19T08:45:46","slug":"form-test","status":"publish","type":"page","link":"https:\/\/teatertidningen.se\/?page_id=659","title":{"rendered":"H\u00e4r kan du som prenumererar p\u00e5 Teatertidningen g\u00f6ra din adress\u00e4ndring."},"content":{"rendered":"<p>Vi hanterar alla personuppgifter enligt g\u00e4llande lagstiftning. F\u00f6r mer information, se: <em><a href=\"http:\/\/www.natverkstan.net\/personuppgifterprenumeration\/\">www.natverkstan.net\/personuppgifterprenumeration\/<\/a><\/em><\/p>\n<p>&nbsp;<\/p>\n<div role=\"form\" class=\"wpcf7\" id=\"wpcf7-f730-o1\" lang=\"sv-SE\" dir=\"ltr\">\n<div class=\"screen-reader-response\"><p role=\"status\" aria-live=\"polite\" aria-atomic=\"true\"><\/p> <ul><\/ul><\/div>\n<form action=\"\/index.php?rest_route=%2Fwp%2Fv2%2Fpages%2F659#wpcf7-f730-o1\" method=\"post\" class=\"wpcf7-form init\" novalidate=\"novalidate\" data-status=\"init\">\n<div style=\"display: none;\">\n<input type=\"hidden\" name=\"_wpcf7\" value=\"730\" \/>\n<input type=\"hidden\" name=\"_wpcf7_version\" value=\"5.5.2\" \/>\n<input type=\"hidden\" name=\"_wpcf7_locale\" value=\"sv_SE\" \/>\n<input type=\"hidden\" name=\"_wpcf7_unit_tag\" value=\"wpcf7-f730-o1\" \/>\n<input type=\"hidden\" name=\"_wpcf7_container_post\" value=\"0\" \/>\n<input type=\"hidden\" name=\"_wpcf7_posted_data_hash\" value=\"\" \/>\n<\/div>\n<div id=\"tt-form\">\n<p>Ditt namn<br \/>\n    <span class=\"wpcf7-form-control-wrap your-name\"><input type=\"text\" name=\"your-name\" value=\"\" size=\"48\" class=\"wpcf7-form-control wpcf7-text\" aria-invalid=\"false\" \/><\/span> <\/p>\n<p>Din epost <br \/>\n    <span class=\"wpcf7-form-control-wrap your-email\"><input type=\"email\" name=\"your-email\" value=\"\" size=\"48\" class=\"wpcf7-form-control wpcf7-text wpcf7-email wpcf7-validates-as-email\" aria-invalid=\"false\" \/><\/span> <\/p>\n<p>Din <span style=\"color: #ddd\">nya<\/span> gatuadress<br \/>\n   <span class=\"wpcf7-form-control-wrap your-new-street\"><input type=\"text\" name=\"your-new-street\" value=\"\" size=\"48\" class=\"wpcf7-form-control wpcf7-text\" aria-invalid=\"false\" \/><\/span><\/p>\n<p>Din <span style=\"color: #ddd\">nya<\/span> postadress<br \/>\n   <span class=\"wpcf7-form-control-wrap your-new-address\"><input type=\"text\" name=\"your-new-address\" value=\"\" size=\"48\" class=\"wpcf7-form-control wpcf7-text\" aria-invalid=\"false\" \/><\/span> <\/p>\n<p>Din <span style=\"color: #ddd\">gamla<\/span> gatuadress<br \/>\n   <span class=\"wpcf7-form-control-wrap your-old-street\"><input type=\"text\" name=\"your-old-street\" value=\"\" size=\"48\" class=\"wpcf7-form-control wpcf7-text\" aria-invalid=\"false\" \/><\/span><\/p>\n<p>Din <span style=\"color: #ddd\">gamla<\/span> postadress<br \/>\n   <span class=\"wpcf7-form-control-wrap your-old-address\"><input type=\"text\" name=\"your-old-address\" value=\"\" size=\"48\" class=\"wpcf7-form-control wpcf7-text\" aria-invalid=\"false\" \/><\/span> <\/p>\n<p class=\"pren\"> Prenumerationsnummer<br \/>\n<span style=\"font-size: 11px;\">(hittar du p\u00e5 tidningens adressetikett eller prenumerationsavin, hittar du inte numret m\u00e5ste du fylla i din gamla adress h\u00e4r ovan)<\/span><br \/>\n    <span class=\"wpcf7-form-control-wrap your-subscription\"><input type=\"text\" name=\"your-subscription\" value=\"\" size=\"48\" class=\"wpcf7-form-control wpcf7-text\" aria-invalid=\"false\" \/><\/span> <\/p>\n<p><input type=\"submit\" value=\"Skicka\" class=\"wpcf7-form-control has-spinner wpcf7-submit\" \/><\/p>\n<div>\n<div class=\"wpcf7-response-output\" aria-hidden=\"true\"><\/div><\/form><\/div>\n","protected":false},"excerpt":{"rendered":"<p>Vi hanterar alla personuppgifter enligt g\u00e4llande lagstiftning. F\u00f6r mer information, se: www.natverkstan.net\/personuppgifterprenumeration\/ &nbsp;<\/p>\n","protected":false},"author":3,"featured_media":0,"parent":0,"menu_order":0,"comment_status":"closed","ping_status":"open","template":"","meta":[],"_links":{"self":[{"href":"https:\/\/teatertidningen.se\/index.php?rest_route=\/wp\/v2\/pages\/659"}],"collection":[{"href":"https:\/\/teatertidningen.se\/index.php?rest_route=\/wp\/v2\/pages"}],"about":[{"href":"https:\/\/teatertidningen.se\/index.php?rest_route=\/wp\/v2\/types\/page"}],"author":[{"embeddable":true,"href":"https:\/\/teatertidningen.se\/index.php?rest_route=\/wp\/v2\/users\/3"}],"replies":[{"embeddable":true,"href":"https:\/\/teatertidningen.se\/index.php?rest_route=%2Fwp%2Fv2%2Fcomments&post=659"}],"version-history":[{"count":7,"href":"https:\/\/teatertidningen.se\/index.php?rest_route=\/wp\/v2\/pages\/659\/revisions"}],"predecessor-version":[{"id":2669,"href":"https:\/\/teatertidningen.se\/index.php?rest_route=\/wp\/v2\/pages\/659\/revisions\/2669"}],"wp:attachment":[{"href":"https:\/\/teatertidningen.se\/index.php?rest_route=%2Fwp%2Fv2%2Fmedia&parent=659"}],"curies":[{"name":"wp","href":"https:\/\/api.w.org\/{rel}","templated":true}]}}