{"id":7,"date":"2012-12-08T20:43:04","date_gmt":"2012-12-08T19:43:04","guid":{"rendered":"https:\/\/teatertidningen.se\/wp\/?page_id=7"},"modified":"2024-10-04T11:26:23","modified_gmt":"2024-10-04T09:26:23","slug":"prenumeration","status":"publish","type":"page","link":"https:\/\/teatertidningen.se\/?page_id=7","title":{"rendered":"Prenumerera"},"content":{"rendered":"<h1>F\u00f6r 300 kr per \u00e5r f\u00e5r du 5 fullmatade nummer (minst 48 sidor)!<\/h1>\n<p>Tidningen levereras hem till din brevl\u00e5da. Observera att du inte kan\u00a0avbryta prenumerationen under prenumerationsperioden, men du har r\u00e4tt att \u00e5ngra dig inom \u00e5tta dagar efter att du har mottagit v\u00e5r faktura. I god tid innan prenumerationsperioden l\u00f6per ut kommer du f\u00e5 ett erbjudande om att f\u00f6rl\u00e4nga prenumerationen.<\/p>\n<p>Om du vill k\u00f6pa l\u00f6snummer g\u00e5r du <a href=\"https:\/\/teatertidningen.se\/?page_id=637\">hit<\/a>!<\/p>\n<\/p>\n<p>Vi hanterar alla personuppgifter enligt g\u00e4llande lagstiftning. F\u00f6r mer information, se: <em><a href=\"http:\/\/www.natverkstan.net\/personuppgifterprenumeration\/\">www.natverkstan.net\/personuppgifterprenumeration\/<\/a><\/em><\/p>\n<\/p>\n<p><strong>Best\u00e4llningen g\u00f6r du via v\u00e5rt prenumerationsformul\u00e4r:\u00a0<\/strong><\/p>\n<p><strong><a href=\"https:\/\/natverkstan.premium.se\/tidskrift\/teatertidningen\">https:\/\/natverkstan.premium.se\/tidskrift\/teatertidningen<\/a><\/strong><\/p><\/p>\n","protected":false},"excerpt":{"rendered":"<p>F\u00f6r 300 kr per \u00e5r f\u00e5r du 5 fullmatade nummer (minst 48 sidor)! Tidningen levereras hem till din brevl\u00e5da. Observera att du inte kan\u00a0avbryta prenumerationen under prenumerationsperioden, men du har r\u00e4tt att \u00e5ngra dig inom \u00e5tta dagar efter att du har mottagit v\u00e5r faktura. I god tid innan prenumerationsperioden l\u00f6per ut kommer du f\u00e5 ett [&hellip;]<\/p>\n","protected":false},"author":1,"featured_media":0,"parent":195,"menu_order":0,"comment_status":"closed","ping_status":"open","template":"","meta":[],"_links":{"self":[{"href":"https:\/\/teatertidningen.se\/index.php?rest_route=\/wp\/v2\/pages\/7"}],"collection":[{"href":"https:\/\/teatertidningen.se\/index.php?rest_route=\/wp\/v2\/pages"}],"about":[{"href":"https:\/\/teatertidningen.se\/index.php?rest_route=\/wp\/v2\/types\/page"}],"author":[{"embeddable":true,"href":"https:\/\/teatertidningen.se\/index.php?rest_route=\/wp\/v2\/users\/1"}],"replies":[{"embeddable":true,"href":"https:\/\/teatertidningen.se\/index.php?rest_route=%2Fwp%2Fv2%2Fcomments&post=7"}],"version-history":[{"count":64,"href":"https:\/\/teatertidningen.se\/index.php?rest_route=\/wp\/v2\/pages\/7\/revisions"}],"predecessor-version":[{"id":3481,"href":"https:\/\/teatertidningen.se\/index.php?rest_route=\/wp\/v2\/pages\/7\/revisions\/3481"}],"up":[{"embeddable":true,"href":"https:\/\/teatertidningen.se\/index.php?rest_route=\/wp\/v2\/pages\/195"}],"wp:attachment":[{"href":"https:\/\/teatertidningen.se\/index.php?rest_route=%2Fwp%2Fv2%2Fmedia&parent=7"}],"curies":[{"name":"wp","href":"https:\/\/api.w.org\/{rel}","templated":true}]}}