{"id":748,"date":"2014-10-16T20:36:07","date_gmt":"2014-10-16T18:36:07","guid":{"rendered":"https:\/\/teatertidningen.se\/?page_id=748"},"modified":"2023-05-08T19:40:25","modified_gmt":"2023-05-08T17:40:25","slug":"kop-losnummer-3","status":"publish","type":"page","link":"https:\/\/teatertidningen.se\/?page_id=748","title":{"rendered":"K\u00f6p l\u00f6snummer"},"content":{"rendered":"<p>Du kan k\u00f6pa v\u00e5ra tidigare utgivna nummer h\u00e4r. Nedan kan du v\u00e4lja mellan olika \u00e5rsintervall.<\/p>\n<\/p>\n<\/p>\n<p>Vi hanterar alla personuppgifter enligt g\u00e4llande lagstiftning. F\u00f6r mer information, se: <em><a href=\"http:\/\/www.natverkstan.net\/personuppgifterprenumeration\/\">www.natverkstan.net\/personuppgifterprenumeration\/<\/a><\/em><\/p>\n<\/p>\n<p><a title=\"K\u00f6p v\u00e5ra tidigare nummer \u2013 Alla tidigare nummer\" href=\"https:\/\/teatertidningen.se\/?page_id=807\">K\u00f6p v\u00e5ra tidigare nummer &#8211; Alla \u00bb<\/a><\/p>\n<p><a title=\"K\u00f6p v\u00e5ra tidigare nummer \u2013 94\/96\" href=\"https:\/\/teatertidningen.se\/?page_id=741\">K\u00f6p v\u00e5ra tidigare nummer &#8211; 94\/96 \u00bb<\/a><\/p>\n<p><a title=\"K\u00f6p v\u00e5ra tidigare nummer \u2013 97\/99\" href=\"https:\/\/teatertidningen.se\/?page_id=758\">K\u00f6p v\u00e5ra tidigare nummer &#8211; 97\/99 \u00bb<\/a><\/p>\n<p><a title=\"K\u00f6p v\u00e5ra tidigare nummer \u2013 00\/02\" href=\"https:\/\/teatertidningen.se\/?page_id=788\">K\u00f6p v\u00e5ra tidigare nummer &#8211; 00\/02 \u00bb<\/a><\/p>\n<p><a title=\"K\u00f6p v\u00e5ra tidigare nummer \u2013 03\/05\" href=\"https:\/\/teatertidningen.se\/?page_id=820\">K\u00f6p v\u00e5ra tidigare nummer &#8211; 03\/05 \u00bb<\/a><\/p>\n<p><a title=\"K\u00f6p v\u00e5ra tidigare nummer \u2013 06\/08\" href=\"https:\/\/teatertidningen.se\/?page_id=822\">K\u00f6p v\u00e5ra tidigare nummer &#8211; 06\/08 \u00bb<\/a><\/p>\n<p><a title=\"K\u00f6p v\u00e5ra tidigare nummer \u2013 09\/-\" href=\"https:\/\/teatertidningen.se\/?page_id=826\">K\u00f6p v\u00e5ra tidigare nummer &#8211; 09\/- \u00bb<\/a><\/p>\n","protected":false},"excerpt":{"rendered":"<p>Du kan k\u00f6pa v\u00e5ra tidigare utgivna nummer h\u00e4r. Nedan kan du v\u00e4lja mellan olika \u00e5rsintervall. Vi hanterar alla personuppgifter enligt g\u00e4llande lagstiftning. F\u00f6r mer information, se: www.natverkstan.net\/personuppgifterprenumeration\/ K\u00f6p v\u00e5ra tidigare nummer &#8211; Alla \u00bb K\u00f6p v\u00e5ra tidigare nummer &#8211; 94\/96 \u00bb K\u00f6p v\u00e5ra tidigare nummer &#8211; 97\/99 \u00bb K\u00f6p v\u00e5ra tidigare nummer &#8211; 00\/02 \u00bb [&hellip;]<\/p>\n","protected":false},"author":3,"featured_media":0,"parent":0,"menu_order":0,"comment_status":"closed","ping_status":"open","template":"","meta":[],"_links":{"self":[{"href":"https:\/\/teatertidningen.se\/index.php?rest_route=\/wp\/v2\/pages\/748"}],"collection":[{"href":"https:\/\/teatertidningen.se\/index.php?rest_route=\/wp\/v2\/pages"}],"about":[{"href":"https:\/\/teatertidningen.se\/index.php?rest_route=\/wp\/v2\/types\/page"}],"author":[{"embeddable":true,"href":"https:\/\/teatertidningen.se\/index.php?rest_route=\/wp\/v2\/users\/3"}],"replies":[{"embeddable":true,"href":"https:\/\/teatertidningen.se\/index.php?rest_route=%2Fwp%2Fv2%2Fcomments&post=748"}],"version-history":[{"count":25,"href":"https:\/\/teatertidningen.se\/index.php?rest_route=\/wp\/v2\/pages\/748\/revisions"}],"predecessor-version":[{"id":3038,"href":"https:\/\/teatertidningen.se\/index.php?rest_route=\/wp\/v2\/pages\/748\/revisions\/3038"}],"wp:attachment":[{"href":"https:\/\/teatertidningen.se\/index.php?rest_route=%2Fwp%2Fv2%2Fmedia&parent=748"}],"curies":[{"name":"wp","href":"https:\/\/api.w.org\/{rel}","templated":true}]}}