{"id":758,"date":"2014-10-16T20:47:16","date_gmt":"2014-10-16T18:47:16","guid":{"rendered":"https:\/\/teatertidningen.se\/?page_id=758"},"modified":"2026-03-25T09:51:39","modified_gmt":"2026-03-25T08:51:39","slug":"758-2","status":"publish","type":"page","link":"https:\/\/teatertidningen.se\/?page_id=758","title":{"rendered":"K\u00f6p v\u00e5ra tidigare nummer &#8211; 97\/99"},"content":{"rendered":"<div class=\"page-nav\">\u00ab <a class=\"prev\" title=\"K\u00f6p v\u00e5ra tidigare nummer \u2013 94\/96\" href=\"https:\/\/teatertidningen.se\/?page_id=741\">Nummer &#8211; 94\/96<\/a><a class=\"next\" title=\"K\u00f6p v\u00e5ra tidigare nummer \u2013 00\/02\" href=\"https:\/\/teatertidningen.se\/?page_id=788\">Nummer &#8211; 00\/02 <\/a>\u00bb<\/div>\n<p>Kryssa f\u00f6r de nummer du vill k\u00f6pa och ange din adress l\u00e4ngst ner p\u00e5 sidan s\u00e5 skickar vi tidningarna tillsammans med faktura, inom Sverige tillkommer en portoavgift p\u00e5 40:- per best\u00e4llning, till \u00f6vriga v\u00e4rlden debiteras ordinarie porto. Fr\u00e5gor om best\u00e4llningarna besvaras p\u00e5 <a class=\"email-link\" href=\"mailto:&#108;&#111;&#115;nu&#109;&#109;e&#114;&#64;&#116;e&#97;&#116;&#101;r&#116;idnin&#103;en.se\" title=\"Email\" target=\"_blank\">l&#111;snu&#109;&#109;e&#114;&#64;&#116;&#101;&#97;&#116;&#101;&#114;t&#105;d&#110;&#105;n&#103;&#101;n.se<\/a> eller 031- 743 99 05, N\u00e4tverkstans ekonomitj\u00e4nst. Prenumeration kan best\u00e4llas <a title=\"Prenumerera\" href=\"https:\/\/teatertidningen.se\/?page_id=7\">h\u00e4r<\/a> eller du kan avbryta genom att g\u00e5 till <a title=\"Hem\" href=\"https:\/\/teatertidningen.se\/\">Teatertidningens<\/a> f\u00f6rsta sida.<\/p>\n<p>Vi hanterar alla personuppgifter enligt g\u00e4llande lagstiftning. F\u00f6r mer information, se: <em><a href=\"http:\/\/www.natverkstan.net\/personuppgifterprenumeration\/\">www.natverkstan.net\/personuppgifterprenumeration\/<\/a><\/em><\/p>\n<\/p>\n<form action=\"https:\/\/teatertidningen.se\/formmail.php\" method=\"post\">\n<div id=\"numbers\">\n<ul>\n<li>\n<div><img loading=\"lazy\" src=\"https:\/\/teatertidningen.se\/Teatertidningen_old\/bilder\/t80.JPG\" alt=\"\" width=\"96\" height=\"144\" \/><\/div>\n<h4>80 Clowerna<\/h4>\n<p>Den italienska dramatikern Luigi Lunari, regiss\u00f6ren Mario Gonzales, Institutet f\u00f6r Scenkonst 25 \u00e5r, den franske dramatikern Olivier Py, ung rysk dramatik, Live &#8211; interaktiv teater.<\/p>\n<div><input name=\"nummer[]\" type=\"checkbox\" value=\"80 (1\/97)\" \/>nr 80 (1\/97) 39:-<\/div>\n<\/li>\n<li>\n<div><img loading=\"lazy\" src=\"https:\/\/teatertidningen.se\/Teatertidningen_old\/bilder\/t82.JPG\" alt=\"\" width=\"93\" height=\"143\" \/><\/div>\n<h4>82 Flykting\u00f6de som teater<\/h4>\n<p>Regiss\u00f6ren Kajsa Isakson och dramatikern Camilla Wittmoss presenteras. Reportage fr\u00e5n Teater tribunal. Kartl\u00e4ggning av svensk g\u00e4stspelspolitik. Pj\u00e4sen:<i> Vittne<\/i>av Cecilia Parkert.<\/p>\n<div><input name=\"nummer[]\" type=\"checkbox\" value=\"nr 82 (3\/97)\" \/>nr 82 (3\/97) 39:-<\/div>\n<\/li>\n<li>\n<div><img loading=\"lazy\" src=\"https:\/\/teatertidningen.se\/Teatertidningen_old\/bilder\/t85.JPG\" alt=\"\" width=\"96\" height=\"143\" \/><\/div>\n<h4>85 Peter Asmussen<\/h4>\n<p>Den danske dramatikern Peter Asmussen, Sk\u00e5despelerskan Anna Pettersson, jakten p\u00e5 publiken, deckarteater, tv\u00e5 omdiskuterade upps\u00e4ttningar i Berlin, analys av Strindbergs Lycko-Pers resa. Pj\u00e4sen:<i> Larionov <\/i>av Jonas Autio.<\/p>\n<div><input name=\"nummer[]\" type=\"checkbox\" value=\"85 (1\/98)\" \/>nr 85 (1\/98) 41:-<\/div>\n<\/li>\n<li>\n<div><img loading=\"lazy\" src=\"https:\/\/teatertidningen.se\/Teatertidningen_old\/bilder\/omslag2_98mindre.jpg\" alt=\"\" width=\"96\" height=\"143\" \/><\/div>\n<h4>86 Teater Salieri<\/h4>\n<p>Intervjuer med dramatikern Petra Revenue, sk\u00e5de spelerskan Anna Takanen och regiss\u00f6ren Kent Ekberg. Reportage om kvinnliga dramatiska teatern. Dessutom om teater i Berlin, London och Moskva. Pj\u00e4sen:<i> \u00c4lskad &#8211; Saknad <\/i>av Petra Revenue<\/p>\n<div><input name=\"nummer[]\" type=\"checkbox\" value=\"nr 86 (2\/98)\" \/>nr 86 (2\/98) 41:-<\/div>\n<\/li>\n<li>\n<div><img loading=\"lazy\" src=\"https:\/\/teatertidningen.se\/Teatertidningen_old\/bilder\/t89.jpg\" alt=\"\" width=\"95\" height=\"142\" border=\"0\" \/><\/div>\n<h4>89 Anders Paulin<\/h4>\n<p>Intervju med regiss\u00f6ren Anders Paulin, reportage fr\u00e5n Teater 23, Svensk Symbolistisk Teater och \u00c4lvsborgsteatern. Intervju med det tyska stj\u00e4rnskottet Thomas Ostermeier. Reportage om en stoppad Fassbinderpj\u00e4s.Pj\u00e4sen:<i> Kristians Julia <\/i>av Cecilia Lundh<\/p>\n<div><input name=\"nummer[]\" type=\"checkbox\" value=\"89 (5\/98)\" \/>nr 89 (5\/98) 41:-<\/div>\n<\/li>\n<li>\n<div><img loading=\"lazy\" src=\"https:\/\/teatertidningen.se\/Teatertidningen_old\/bilder\/t92.jpg\" alt=\"\" width=\"96\" height=\"143\" border=\"0\" \/><\/div>\n<h4>92 Internationellt teaternummer<\/h4>\n<p>Hur spelas teater i Arabv\u00e4rlden? Finns det n\u00e5gon frihet f\u00f6r teatern p\u00e5 Kuba? \u00c4r Dr. Dante en teater? Vad h\u00e4nder med teatern i den nya huvudstaden Berlin?Regiss\u00f6ren Sisela Lindblom, Teater-h\u00f6gskolan i Lule\u00e5.<\/p>\n<div><input name=\"nummer[]\" type=\"checkbox\" value=\"92 (3\/99)\" \/>nr 92 (3\/99) 42:-<\/div>\n<\/li>\n<li>\n<div><img loading=\"lazy\" src=\"https:\/\/teatertidningen.se\/Teatertidningen_old\/bilder\/t93.jpg\" alt=\"\" width=\"96\" height=\"143\" border=\"0\" \/><\/div>\n<h4>93 Riksteatern avvecklas?<\/h4>\n<p>Vad g\u00f6r en teater-f\u00f6rl\u00e4ggare? Intervju med en privat teater drottning. Dramatikern Line Knutzon intervjuas. Omslagspojke sk\u00e5despelaren Jonas Karlsson. Pj\u00e4sen:<i> V\u00e4gen till havet <\/i>av Niklas R\u00e5dstr\u00f6m.<\/p>\n<div><input name=\"nummer[]\" type=\"checkbox\" value=\"93 (4\/99)\" \/>nr 93 (4\/99)<\/div>\n<\/li>\n<li>\n<div><img loading=\"lazy\" src=\"https:\/\/teatertidningen.se\/Teatertidningen_old\/bilder\/t94.jpg\" alt=\"\" width=\"96\" height=\"146\" border=\"0\" \/><\/div>\n<h4>94 Richard Foreman<\/h4>\n<p>Intervju med med regiss\u00f6ren Claude R\u00e9gy. Teater i K\u00f6penhamn, Montevideo, St Petersburg. Dockteater Sesam, marknadsf\u00f6ring av teater.Pj\u00e4sen:<i> Dreamteam <\/i> av Karl-Gustav K\u00f6hler.<\/p>\n<div><input name=\"nummer[]\" type=\"checkbox\" value=\"94 (5\/99)\" \/>nr 94 (5\/99) 47:-<\/div>\n<\/li>\n<\/ul>\n<\/div>\n<h4>Jag vill k\u00f6pa ovanst\u00e5ende f\u00f6rkryssade tidningar<\/h4>\n<p class=\"pren-text\">(Tidningarna skickas med faktura, inom Sverige tillkommer en portoavgift p\u00e5 40:- per best\u00e4llning, till \u00f6vriga v\u00e4rlden debiteras ordinarie porto. )<\/p>\n<div class=\"pren_form\">\n<p>Namn<\/p>\n<div><input maxlength=\"50\" name=\"realname\" size=\"48\" type=\"text\" \/><\/div>\n<\/div>\n<div class=\"pren_form\">\n<p>e-post<\/p>\n<div><input maxlength=\"50\" name=\"email\" size=\"48\" type=\"text\" \/><\/div>\n<\/div>\n<div class=\"pren_form\">\n<p>Gatuadress<\/p>\n<div><input name=\"adress1\" size=\"48\" type=\"text\" \/><\/div>\n<\/div>\n<div class=\"pren_form\">\n<p>Postnummer och ort<\/p>\n<div><input name=\"postnum\" size=\"48\" type=\"text\" \/><\/div>\n<\/div>\n<div class=\"pren_form\">\n<p>Ev kommentarer<\/p>\n<div><textarea cols=\"47\" name=\"kommentar\" rows=\"4\"><\/textarea><\/div>\n<\/div>\n<div class=\"pren_form\">\n<div><input type=\"submit\" value=\"Skicka\" \/> <input type=\"reset\" value=\"Rensa\" \/><\/div>\n<\/div>\n<\/form>\n","protected":false},"excerpt":{"rendered":"<p>\u00ab Nummer &#8211; 94\/96Nummer &#8211; 00\/02 \u00bb Kryssa f\u00f6r de nummer du vill k\u00f6pa och ange din adress l\u00e4ngst ner p\u00e5 sidan s\u00e5 skickar vi tidningarna tillsammans med faktura, inom Sverige tillkommer en portoavgift p\u00e5 40:- per best\u00e4llning, till \u00f6vriga v\u00e4rlden debiteras ordinarie porto. Fr\u00e5gor om best\u00e4llningarna besvaras p\u00e5 eller 031- 743 99 05, N\u00e4tverkstans [&hellip;]<\/p>\n","protected":false},"author":3,"featured_media":0,"parent":0,"menu_order":0,"comment_status":"closed","ping_status":"open","template":"","meta":[],"_links":{"self":[{"href":"https:\/\/teatertidningen.se\/index.php?rest_route=\/wp\/v2\/pages\/758"}],"collection":[{"href":"https:\/\/teatertidningen.se\/index.php?rest_route=\/wp\/v2\/pages"}],"about":[{"href":"https:\/\/teatertidningen.se\/index.php?rest_route=\/wp\/v2\/types\/page"}],"author":[{"embeddable":true,"href":"https:\/\/teatertidningen.se\/index.php?rest_route=\/wp\/v2\/users\/3"}],"replies":[{"embeddable":true,"href":"https:\/\/teatertidningen.se\/index.php?rest_route=%2Fwp%2Fv2%2Fcomments&post=758"}],"version-history":[{"count":33,"href":"https:\/\/teatertidningen.se\/index.php?rest_route=\/wp\/v2\/pages\/758\/revisions"}],"predecessor-version":[{"id":3869,"href":"https:\/\/teatertidningen.se\/index.php?rest_route=\/wp\/v2\/pages\/758\/revisions\/3869"}],"wp:attachment":[{"href":"https:\/\/teatertidningen.se\/index.php?rest_route=%2Fwp%2Fv2%2Fmedia&parent=758"}],"curies":[{"name":"wp","href":"https:\/\/api.w.org\/{rel}","templated":true}]}}