{"id":788,"date":"2014-10-26T14:22:50","date_gmt":"2014-10-26T13:22:50","guid":{"rendered":"https:\/\/teatertidningen.se\/?page_id=788"},"modified":"2026-03-25T09:52:27","modified_gmt":"2026-03-25T08:52:27","slug":"kop-vara-tidigare-nummer-0002","status":"publish","type":"page","link":"https:\/\/teatertidningen.se\/?page_id=788","title":{"rendered":"K\u00f6p v\u00e5ra tidigare nummer &#8211; 00\/02"},"content":{"rendered":"<div class=\"page-nav\">\u00ab <a class=\"prev\" title=\"K\u00f6p v\u00e5ra tidigare nummer \u2013 97\/99\" href=\"https:\/\/teatertidningen.se\/?page_id=758\">Nummer &#8211; 97\/99<\/a><a class=\"next\" title=\"K\u00f6p v\u00e5ra tidigare nummer \u2013 03\/05\" href=\"https:\/\/teatertidningen.se\/?page_id=820\">Nummer &#8211; 03\/05 <\/a>\u00bb<\/div>\n<p>Kryssa f\u00f6r de nummer du vill k\u00f6pa och ange din adress l\u00e4ngst ner p\u00e5 sidan s\u00e5 skickar vi tidningarna tillsammans med faktura, inom Sverige tillkommer en portoavgift p\u00e5 40:- per best\u00e4llning, till \u00f6vriga v\u00e4rlden debiteras ordinarie porto. Fr\u00e5gor om best\u00e4llningarna besvaras p\u00e5 <a class=\"email-link\" href=\"mailto:l&#111;&#115;n&#117;mmer&#64;teat&#101;&#114;t&#105;&#100;&#110;&#105;n&#103;en.&#115;e\" title=\"Email\" target=\"_blank\">&#108;&#111;s&#110;&#117;&#109;m&#101;&#114;&#64;&#116;&#101;atert&#105;dn&#105;ng&#101;n&#46;s&#101;<\/a> eller 031- 743 99 05, N\u00e4tverkstans ekonomitj\u00e4nst. Prenumeration kan best\u00e4llas <a title=\"Prenumerera\" href=\"https:\/\/teatertidningen.se\/?page_id=7\">h\u00e4r<\/a> eller du kan avbryta genom att g\u00e5 till <a title=\"Hem\" href=\"https:\/\/teatertidningen.se\/\">Teatertidningens<\/a> f\u00f6rsta sida.<\/p>\n<p>Vi hanterar alla personuppgifter enligt g\u00e4llande lagstiftning. F\u00f6r mer information, se: <em><a href=\"http:\/\/www.natverkstan.net\/personuppgifterprenumeration\/\">www.natverkstan.net\/personuppgifterprenumeration\/<\/a><\/em><\/p>\n<\/p>\n<form action=\"https:\/\/teatertidningen.se\/formmail.php\" method=\"post\">\n<div id=\"numbers\">\n<ul>\n<li>\n<div><img loading=\"lazy\" src=\"https:\/\/teatertidningen.se\/Teatertidningen_old\/bilder\/t96.jpg\" alt=\"\" width=\"96\" height=\"147\" border=\"0\" \/><\/div>\n<h4>96 Robert Lepage<\/h4>\n<p>Teater UNO, Jonna Nordenski\u00f6ld, Queerteater Komonq, Nycirkus, Teaterfestival i Sibirien, Robert Cossa argentinsk dramatiker. Pj\u00e4sen 3+1 av Jonna Nordenski\u00f6ld.<\/p>\n<div><input name=\"nummer[]\" type=\"checkbox\" value=\"96 (2\/00)\" \/>nr 96 (2\/00) 47:-<\/div>\n<\/li>\n<li>\n<div><img loading=\"lazy\" src=\"https:\/\/teatertidningen.se\/Teatertidningen_old\/bilder\/t97.jpg\" alt=\"\" width=\"99\" height=\"147\" border=\"0\" \/><\/div>\n<h4>97Angereds Teater<\/h4>\n<p>Katarina Frostenson, Ny europeisk dramatik, Via Dolorosa, Moskva, Berlin, Paris.Pj\u00e4sen:<i> Hongkonggarden <\/i>av Lucia Cajchanov\u00e1.<\/p>\n<div><input name=\"nummer[]\" type=\"checkbox\" value=\"97 (3\/00)\" \/>nr 97 (3\/00) 51:-<\/div>\n<\/li>\n<li>\n<div><img loading=\"lazy\" src=\"https:\/\/teatertidningen.se\/Teatertidningen_old\/bilder\/t98.jpg\" alt=\"\" width=\"99\" height=\"145\" border=\"0\" \/><\/div>\n<h4>98 Magnus Florin<\/h4>\n<p>Tomas von Br\u00f6mssen, Leif Stinnerbom, Maria Sundqvist, Drit\u00ebro Kasapi, Shakespeare, teaterfestivalen i Avignon. Pj\u00e4sen:<i> Huset som Rut gl\u00f6mde <\/i>av Eva Brise.<\/p>\n<div><input name=\"nummer[]\" type=\"checkbox\" value=\"98 (4\/00)\" \/>nr 98 (4\/00) 51:-<\/div>\n<\/li>\n<li>\n<div><img loading=\"lazy\" src=\"https:\/\/teatertidningen.se\/Teatertidningen_old\/bilder\/t99.jpg\" alt=\"\" width=\"96\" height=\"146\" border=\"0\" \/><\/div>\n<h4>99 Robert Wilson<\/h4>\n<p>Jessica Liedberg p\u00e5 v\u00e4rldsturn\u00e9 med Wilson, Profilteatern, \u00d6gonblicksteater, Teater Cinnober i G\u00f6teborg, Kathakali, Edward Bond i Paris, teater i Schweiz. Pj\u00e4sen:<\/p>\n<p><i> Lyckodjuret <\/i> av Ann-Charlotte Alverfors.<\/p>\n<div><input name=\"nummer[]\" type=\"checkbox\" value=\"99 (5\/00)\" \/>nr 99 (5\/00) 49:-<\/div>\n<\/li>\n<li>\n<div><img loading=\"lazy\" src=\"https:\/\/teatertidningen.se\/Teatertidningen_old\/bilder\/t100.jpg\" alt=\"\" width=\"97\" height=\"145\" border=\"0\" \/><\/div>\n<h4>100 Anja Lundqvist<\/h4>\n<p>Bj\u00f6rnjaktsfestival i Helsingfors, lider Teaterh\u00f6gskolorna av utseendefixering, bildreportage om dockteatern Sesam.Pj\u00e4sen:<i> Olof Palmes leende <\/i>av Malin Lagerl\u00f6f.<\/p>\n<div><input name=\"nummer[]\" type=\"checkbox\" value=\"100 (1\/01)\" \/>nr 100 (1\/01) 50:-<\/div>\n<\/li>\n<li>\n<div><img loading=\"lazy\" src=\"https:\/\/teatertidningen.se\/Teatertidningen_old\/bilder\/t101.jpg\" alt=\"\" width=\"94\" height=\"143\" border=\"0\" \/><\/div>\n<h4>101 Mattias Andersson<\/h4>\n<p>Moomsteatern, Teater Overground och Barnens Underjordiska Scen. Postkolonialt perspektiv p\u00e5 Margareta Garpes pj\u00e4s Hannas Midsommar. Kr\u00f6nika fr\u00e5n Berlin. Pj\u00e4sen:<i> Palme d\u00f6r innan paus <\/i>av Stefan Lindberg.<\/p>\n<div><input name=\"nummer[]\" type=\"checkbox\" value=\"101(2\/01)\" \/>nr 101 (2\/01) 53:-<\/div>\n<\/li>\n<li>\n<div><img loading=\"lazy\" src=\"https:\/\/teatertidningen.se\/Teatertidningen_old\/bilder\/t102.jpg\" alt=\"\" width=\"98\" height=\"145\" border=\"0\" \/><\/div>\n<h4>102 Teater Bhopa<\/h4>\n<p>Martina Montelius, barnteaterexport, Teaterbiennalen, Polsk teaterv\u00e5g, teaterutbild-ningar i Sverige, Chile, Ryssland. Pj\u00e4sen:<i> Jag v\u00e4xte upp inb\u00e4ddad i spenavarm kattsand, \u00e4lskad bortom allt f\u00f6rnuft <\/i>av Martina Montelius.<\/p>\n<div><input name=\"nummer[]\" type=\"checkbox\" value=\"102 (3\/01)\" \/>nr 102 (3\/01) 53:-<\/div>\n<\/li>\n<li>\n<div><img loading=\"lazy\" src=\"https:\/\/teatertidningen.se\/Teatertidningen_old\/bilder\/t103.jpg\" alt=\"\" width=\"96\" height=\"145\" border=\"0\" \/><\/div>\n<h4>103 San Clemente<\/h4>\n<p>Karina Hollas<i> San Clemente <\/i>p\u00e5 Giljotin, Philip Zand\u00e9n som Albert Speer, Willy Kyrklunds<i> Tv\u00e5sam <\/i>, Pusterviksteatern, festivalindustrin, tv\u00e5 nya franska dramatiker . Pj\u00e4sen:<i> Klister <\/i> av Mats Kjelbye.<\/p>\n<div><input name=\"nummer[]\" type=\"checkbox\" value=\"103 (4\/01)\" \/>nr 103 (4\/01) 51:-<\/div>\n<\/li>\n<li>\n<div><img loading=\"lazy\" src=\"https:\/\/teatertidningen.se\/Teatertidningen_old\/bilder\/t104.jpg\" alt=\"\" width=\"97\" height=\"145\" border=\"0\" \/><\/div>\n<h4>104 Teaterkritiker<\/h4>\n<p>21 sidor om teaterkritik. Analys av 30 \u00e5rs Staffan G\u00f6thedramatik, mimgruppen Nio Liv, sk\u00e5despelaren Tobias Hjelm, BITEF-festivalen i Belgrad. Pj\u00e4sen:<i> Flickor <\/i>av Sisela Lindblom.<\/p>\n<div><input name=\"nummer[]\" type=\"checkbox\" value=\"104 (5\/01)\" \/>nr 104 (5\/01) 53:-<\/div>\n<\/li>\n<li>\n<div><img loading=\"lazy\" src=\"https:\/\/teatertidningen.se\/Teatertidningen_old\/bilder\/t105.JPG\" alt=\"\" width=\"96\" height=\"144\" border=\"0\" \/><\/div>\n<h4>105 Sagan om Orestes<\/h4>\n<p>Hur g\u00e5r det till p\u00e5 en audition? Nya teaterchefer i Helsingborg och Malm\u00f6, Birgitta Englin, Marianne Goldman, Castorfs<i> Flykt <\/i>, Kia Berglund. Pj\u00e4sen:<i> Flygaren <\/i>av Lisa Ydring.<\/p>\n<div><input name=\"nummer[]\" type=\"checkbox\" value=\"105 (1-2\/02)\" \/>nr 105\/106 (1-2\/02) 70:-<\/div>\n<\/li>\n<li>\n<div><img loading=\"lazy\" src=\"https:\/\/teatertidningen.se\/Teatertidningen_old\/bilder\/t107.jpg\" alt=\"\" width=\"96\" height=\"144\" border=\"0\" \/><\/div>\n<h4>107 Performance-primadonnan<\/h4>\n<p>Charlotte Engelkes, Andreas Boonstra, Tyst Teater, David Bolander, teater i M\u00fcnchen, Dansk kulturpolitik, dramatikerworkshop i Makedonien. Pj\u00e4sen:<i> S\u00e4ngkamraten <\/i> av Jacob Hirdwall.<\/p>\n<div><input name=\"nummer[]\" type=\"checkbox\" value=\"107 (3\/02)\" \/>nr 107 (3\/02) 55:-<\/div>\n<\/li>\n<li>\n<div><img loading=\"lazy\" src=\"https:\/\/teatertidningen.se\/Teatertidningen_old\/bilder\/t108.jpg\" alt=\"\" width=\"96\" height=\"144\" \/><\/div>\n<h4>108 Skottes musikteater<\/h4>\n<p>Australien, scenografen Heidi Saikkonen, G\u00f6teborgs stadsteater, The Wooster Group, Den f\u00f6rsta 11 september pj\u00e4sen, Sibirien. Pj\u00e4sen: Var man av Greta Sundberg.<\/p>\n<div><input name=\"nummer[]\" type=\"checkbox\" value=\"108 (4\/02)\" \/>nr 108 (4\/02) 50:-<\/div>\n<\/li>\n<li>\n<div><img loading=\"lazy\" src=\"https:\/\/teatertidningen.se\/Teatertidningen_old\/bilder\/t109.jpg\" alt=\"\" width=\"95\" height=\"144\" \/><\/div>\n<h4>109 Sk\u00e5despelare och sk\u00e5despeleri<\/h4>\n<p>Gunnilla R\u00f6\u00f6r, Erland Josephson, Elisabet Carlsson, Suzanne Osten, Anna Carlsson, Astrid Assefa.<\/p>\n<div><input name=\"nummer[]\" type=\"checkbox\" value=\"109 (5\/02)\" \/>Nr 109 (5\/02) 50:-<\/div>\n<\/li>\n<\/ul>\n<\/div>\n<h4>Jag vill k\u00f6pa ovanst\u00e5ende f\u00f6rkryssade tidningar<\/h4>\n<p class=\"pren-text\">(Tidningarna skickas med faktura, inom Sverige tillkommer en portoavgift p\u00e5 40:- per best\u00e4llning, till \u00f6vriga v\u00e4rlden debiteras ordinarie porto. )<\/p>\n<div class=\"pren_form\">\n<p>Namn<\/p>\n<div><input maxlength=\"50\" name=\"realname\" size=\"48\" type=\"text\" \/><\/div>\n<\/div>\n<div class=\"pren_form\">\n<p>e-post<\/p>\n<div><input maxlength=\"50\" name=\"email\" size=\"48\" type=\"text\" \/><\/div>\n<\/div>\n<div class=\"pren_form\">\n<p>Gatuadress<\/p>\n<div><input name=\"adress1\" size=\"48\" type=\"text\" \/><\/div>\n<\/div>\n<div class=\"pren_form\">\n<p>Postnummer och ort<\/p>\n<div><input name=\"postnum\" size=\"48\" type=\"text\" \/><\/div>\n<\/div>\n<div class=\"pren_form\">\n<p>Ev kommentarer<\/p>\n<div><textarea cols=\"47\" name=\"kommentar\" rows=\"4\"><\/textarea><\/div>\n<\/div>\n<div class=\"pren_form\">\n<div><input type=\"submit\" value=\"Skicka\" \/> <input type=\"reset\" value=\"Rensa\" \/><\/div>\n<\/div>\n<\/form>\n","protected":false},"excerpt":{"rendered":"<p>\u00ab Nummer &#8211; 97\/99Nummer &#8211; 03\/05 \u00bb Kryssa f\u00f6r de nummer du vill k\u00f6pa och ange din adress l\u00e4ngst ner p\u00e5 sidan s\u00e5 skickar vi tidningarna tillsammans med faktura, inom Sverige tillkommer en portoavgift p\u00e5 40:- per best\u00e4llning, till \u00f6vriga v\u00e4rlden debiteras ordinarie porto. Fr\u00e5gor om best\u00e4llningarna besvaras p\u00e5 eller 031- 743 99 05, N\u00e4tverkstans [&hellip;]<\/p>\n","protected":false},"author":3,"featured_media":0,"parent":0,"menu_order":0,"comment_status":"closed","ping_status":"open","template":"","meta":[],"_links":{"self":[{"href":"https:\/\/teatertidningen.se\/index.php?rest_route=\/wp\/v2\/pages\/788"}],"collection":[{"href":"https:\/\/teatertidningen.se\/index.php?rest_route=\/wp\/v2\/pages"}],"about":[{"href":"https:\/\/teatertidningen.se\/index.php?rest_route=\/wp\/v2\/types\/page"}],"author":[{"embeddable":true,"href":"https:\/\/teatertidningen.se\/index.php?rest_route=\/wp\/v2\/users\/3"}],"replies":[{"embeddable":true,"href":"https:\/\/teatertidningen.se\/index.php?rest_route=%2Fwp%2Fv2%2Fcomments&post=788"}],"version-history":[{"count":17,"href":"https:\/\/teatertidningen.se\/index.php?rest_route=\/wp\/v2\/pages\/788\/revisions"}],"predecessor-version":[{"id":3870,"href":"https:\/\/teatertidningen.se\/index.php?rest_route=\/wp\/v2\/pages\/788\/revisions\/3870"}],"wp:attachment":[{"href":"https:\/\/teatertidningen.se\/index.php?rest_route=%2Fwp%2Fv2%2Fmedia&parent=788"}],"curies":[{"name":"wp","href":"https:\/\/api.w.org\/{rel}","templated":true}]}}