{"id":820,"date":"2014-11-08T15:55:39","date_gmt":"2014-11-08T14:55:39","guid":{"rendered":"https:\/\/teatertidningen.se\/?page_id=820"},"modified":"2026-03-25T09:52:59","modified_gmt":"2026-03-25T08:52:59","slug":"kop-vara-tidigare-nummer-0305","status":"publish","type":"page","link":"https:\/\/teatertidningen.se\/?page_id=820","title":{"rendered":"K\u00f6p v\u00e5ra tidigare nummer \u2013 03\/05"},"content":{"rendered":"<div class=\"page-nav\">\u00ab <a class=\"prev\" title=\"K\u00f6p v\u00e5ra tidigare nummer \u2013 00\/02\" href=\"https:\/\/teatertidningen.se\/?page_id=788\">Nummer &#8211; 00\/02<\/a><a class=\"next\" title=\"K\u00f6p v\u00e5ra tidigare nummer \u2013 06\/08\" href=\"https:\/\/teatertidningen.se\/?page_id=822\">Nummer &#8211; 06\/08 <\/a>\u00bb<\/div>\n<p>Kryssa f\u00f6r de nummer du vill k\u00f6pa och ange din adress l\u00e4ngst ner p\u00e5 sidan s\u00e5 skickar vi tidningarna tillsammans med faktura, inom Sverige tillkommer en portoavgift p\u00e5 40:- per best\u00e4llning, till \u00f6vriga v\u00e4rlden debiteras ordinarie porto. Fr\u00e5gor om best\u00e4llningarna besvaras p\u00e5 <a class=\"email-link\" href=\"mailto:lo&#115;&#110;ummer&#64;t&#101;a&#116;e&#114;tid&#110;&#105;&#110;ge&#110;.&#115;&#101;\" title=\"Email\" target=\"_blank\">&#108;os&#110;u&#109;&#109;e&#114;&#64;t&#101;at&#101;rt&#105;d&#110;&#105;nge&#110;.s&#101;<\/a> eller 031- 743 99 05, N\u00e4tverkstans ekonomitj\u00e4nst. Prenumeration kan best\u00e4llas <a title=\"Prenumerera\" href=\"https:\/\/teatertidningen.se\/?page_id=7\">h\u00e4r<\/a> eller du kan avbryta genom att g\u00e5 till <a title=\"Hem\" href=\"https:\/\/teatertidningen.se\/\">Teatertidningens<\/a> f\u00f6rsta sida.<\/p>\n<p>Vi hanterar alla personuppgifter enligt g\u00e4llande lagstiftning. F\u00f6r mer information, se: <em><a href=\"http:\/\/www.natverkstan.net\/personuppgifterprenumeration\/\">www.natverkstan.net\/personuppgifterprenumeration\/<\/a><\/em><\/p>\n<\/p>\n<form action=\"https:\/\/teatertidningen.se\/formmail.php\" method=\"post\">\n<div id=\"numbers\">\n<ul>\n<li>\n<div><img loading=\"lazy\" src=\"https:\/\/teatertidningen.se\/Teatertidningen_old\/bilder\/t110.jpg\" alt=\"\" width=\"95\" height=\"143\" \/><\/div>\n<h4>110 Barn- och ungdomsteater<\/h4>\n<p>Lucas Svenson, Sisela Lindblom, Bengt Olsson, Carolina Fr\u00e4nde, Teater 3, Manuel Cubas. Pj\u00e4sen: Godk\u00e4nd av Lisa Langseth.<\/p>\n<div><input name=\"nummer[]\" type=\"checkbox\" value=\"110 (1\/03)\" \/>Nr 110 (1\/03) 50:-<\/div>\n<\/li>\n<li>\n<div><img loading=\"lazy\" src=\"https:\/\/teatertidningen.se\/Teatertidningen_old\/bilder\/t111.jpg\" alt=\"\" width=\"95\" height=\"145\" \/><\/div>\n<h4>111 Dramatiker<\/h4>\n<p>Strindbers Intima Teater, Dramatikerodlingar i Stockholm och London, Jean Genet, Jon Fosse och Lou Andreas-Salom\u00e9. Pj\u00e4sen: Babiandamen av Gertrud Larsson.<\/p>\n<div><input name=\"nummer[]\" type=\"checkbox\" value=\"111 (2\/03)\" \/>Nr 111 (2\/03) 50:-<\/div>\n<\/li>\n<li>\n<div><img loading=\"lazy\" src=\"https:\/\/teatertidningen.se\/Teatertidningen_old\/bilder\/t112.jpg\" alt=\"\" width=\"95\" height=\"145\" \/><\/div>\n<h4>112\/113 Producenterna<\/h4>\n<p>Teaterprudocenter, Teater i Afghanistan och Flandern, Marionettteatern, skuggspel. Pj\u00e4sen: S\u00f6ndag av Dennis Magnusson.<\/p>\n<div><input name=\"nummer[]\" type=\"checkbox\" value=\"112 (3-4\/03)\" \/>Nr 112\/113 (3-4\/03) 75:-<\/div>\n<\/li>\n<li>\n<div><img loading=\"lazy\" src=\"https:\/\/teatertidningen.se\/Teatertidningen_old\/t114.jpg\" alt=\"\" width=\"95\" height=\"145\" border=\"0\" \/><\/div>\n<h4>114 \u00d6vers\u00e4ttare<\/h4>\n<p>Vad g\u00f6r \u00f6vers\u00e4ttaren p\u00e5 teatern? Stort temanummer om konsten att \u00f6vers\u00e4tta dramatik.<\/p>\n<div><input name=\"nummer[]\" type=\"checkbox\" value=\"114 (5\/03)\" \/>Nr 114 (5\/03) 50:-<\/div>\n<\/li>\n<li>\n<div><img loading=\"lazy\" src=\"https:\/\/teatertidningen.se\/Teatertidningen_old\/t115.jpg\" alt=\"\" width=\"97\" height=\"145\" align=\"top\" border=\"0\" \/><\/div>\n<h4>115 Teater och ondskan<\/h4>\n<p>Lars Nor\u00e9n och Etienne Glaser, Malin Axelson, Katt p\u00e5 hett pl\u00e5ttak, Berlin, teaterf\u00f6rnyelse i England.Pj\u00e4sen Alexander Ahndoril<i> Pappas hj\u00e4rta <\/i>.<\/p>\n<div><input name=\"nummer[]\" type=\"checkbox\" value=\"115 (1\/04)\" \/>nr 115 (1\/04) 50:-<\/div>\n<\/li>\n<li>\n<div><img loading=\"lazy\" src=\"https:\/\/teatertidningen.se\/Teatertidningen_old\/t116.jpg\" alt=\"\" width=\"95\" height=\"147\" border=\"0\" \/><\/div>\n<h4>116 Skr\u00e4ck<\/h4>\n<p>Grand Guignol, Skr\u00e4cken i Berlin, Det skr\u00e4cksublima, Scenskr\u00e4ck, Alice och Freud, Vattenteater i Vietnamn.Pj\u00e4sen<i> Ett stycke teater <\/i>av Erland Josephson.<\/p>\n<div><input name=\"nummer[]\" type=\"checkbox\" value=\"116 (2\/04)\" \/>Nr 116 (2\/04) 50:-<\/div>\n<\/li>\n<li>\n<div><img loading=\"lazy\" src=\"https:\/\/teatertidningen.se\/Teatertidningen_old\/t117.jpg\" alt=\"\" width=\"96\" height=\"147\" border=\"0\" \/><\/div>\n<h4>117 Lo Kauppi<\/h4>\n<p>Kristina Lugn, Joyce Carol Oates, Teater Terrier, Iran, Armenien, Tanzania. Pj\u00e4sen<i> Ett \u00f6ga r\u00f6tt <\/i>av Jonas Hassen Khemiri.<\/p>\n<div><input name=\"nummer[]\" type=\"checkbox\" value=\"117 (3\/04)\" \/>Nr 117 (3\/04) 50:-<\/div>\n<\/li>\n<li>\n<div><img loading=\"lazy\" src=\"https:\/\/teatertidningen.se\/Teatertidningen_old\/t118.jpg\" alt=\"\" width=\"96\" height=\"147\" border=\"0\" \/><\/div>\n<h4>118 Smak<\/h4>\n<p>Cay Bond, Thomas Anderberg, Stig Larsson, Ylva Gisl\u00e9n, Karin Helander om teater och smak. Sisela Lindblom om Keve Hjelm. Pj\u00e4sen<i> Bettysagorna <\/i>av \u00c5sa Lindholm.<\/p>\n<div><input name=\"nummer[]\" type=\"checkbox\" value=\"118 (4\/04)\" \/>Nr 118 (4\/04)\u00a050:-<\/div>\n<\/li>\n<li>\n<div><img loading=\"lazy\" src=\"https:\/\/teatertidningen.se\/Teatertidningen_old\/t119.jpg\" alt=\"\" width=\"96\" height=\"147\" border=\"0\" \/><\/div>\n<h4>119 Terror<\/h4>\n<p>Teater i terrorns n\u00e4rhet, Krig i New York, Guant\u00e1namo, Gombrosicz, Hilda Hellwig, Elfriede Jelinek, Hamburg, London.Pj\u00e4sen<i> Med ljusets hastighet <\/i>av Rasmus Lindberg.<\/p>\n<div><input name=\"nummer[]\" type=\"checkbox\" value=\"119 (5\/04)\" \/>nr 119 (5\/04) 50:-<\/div>\n<\/li>\n<li>\n<div><img loading=\"lazy\" src=\"https:\/\/teatertidningen.se\/Teatertidningen_old\/t120.jpg\" alt=\"\" width=\"96\" height=\"145\" border=\"0\" \/><\/div>\n<h4>120\/121 Teatern och rummet<\/h4>\n<p>Teater och bildkonst, scenografen S\u00f6ren Brunes, samarbetet mellan scenograf och regiss\u00f6r, Per Verner Carlsson, afrikansk barnteater. Pj\u00e4sen<i> Blod p\u00e5 n\u00e5gons h\u00e4nder <\/i>av Malin Axelsson.<\/p>\n<div><input name=\"nummer[]\" type=\"checkbox\" value=\"120\/121 (1-2\/05)\" \/>nr 120\/121 (1-2\/05) 75:-<\/div>\n<\/li>\n<li>\n<div><img loading=\"lazy\" src=\"https:\/\/teatertidningen.se\/Teatertidningen_old\/t122.jpg\" alt=\"\" width=\"96\" height=\"130\" border=\"0\" \/><\/div>\n<h4>122 Teaterns personlighet<\/h4>\n<p>Melainie Mederlind, Arthur Miller, Shonda Rani, Gesine Danckwart, S\u00f6ren Kirkegaard, Va\u00e9rie Dr\u00e9ville, Johan Holmberg, Albert Ostermeier.<\/p>\n<div><input name=\"nummer[]\" type=\"checkbox\" value=\"122 (3\/05)\" \/>nr 122 (3\/05) 70:-<\/div>\n<\/li>\n<li>\n<div><img loading=\"lazy\" src=\"https:\/\/teatertidningen.se\/Teatertidningen_old\/t123.jpg\" alt=\"\" width=\"91\" height=\"123\" border=\"0\" \/><\/div>\n<h4>23 Uppdrag m\u00e5ngfald<\/h4>\n<p>Yvonne Rock, Lena Andersson, Manuel Cubas, Susanne Taslimi, Vladimir Diskansky, Stefan Johansson, Shima Niavarani m\u00e5nga fler om m\u00e5ngkultur\u00e5ret. Pj\u00e4sen<i> Var \u00e4r alla <\/i>av Mirja Unge.<\/p>\n<div><input name=\"nummer[]\" type=\"checkbox\" value=\"123 (4\/05)\" \/>nr 123 (4\/05) 70:-<\/div>\n<\/li>\n<li>\n<div><img loading=\"lazy\" src=\"https:\/\/teatertidningen.se\/Teatertidningen_old\/t124.jpg\" alt=\"\" width=\"91\" height=\"123\" border=\"0\" \/><\/div>\n<h4>124 Berlin, Bhopa<\/h4>\n<p>Om Pinters Mathissen, Kafkav\u00e5g p\u00e5 svensk scen, regiss\u00f6ren och sk\u00e5despelerskan Sanna Hultman, J\u00e4mst\u00e4lldheten inom scenkonsten. Pj\u00e4sen Daniella Kullmans Fria viljan.<\/p>\n<div><input name=\"nummer[]\" type=\"checkbox\" value=\"124 (5\/05)\" \/>nr 124 (5\/05) 70:-<\/div>\n<\/li>\n<\/ul>\n<\/div>\n<h4>Jag vill k\u00f6pa ovanst\u00e5ende f\u00f6rkryssade tidningar<\/h4>\n<p class=\"pren-text\">(Tidningarna skickas med faktura, inom Sverige tillkommer en portoavgift p\u00e5 40:- per best\u00e4llning, till \u00f6vriga v\u00e4rlden debiteras ordinarie porto. )<\/p>\n<div class=\"pren_form\">\n<p>Namn<\/p>\n<div><input maxlength=\"50\" name=\"realname\" size=\"48\" type=\"text\" \/><\/div>\n<\/div>\n<div class=\"pren_form\">\n<p>e-post<\/p>\n<div><input maxlength=\"50\" name=\"email\" size=\"48\" type=\"text\" \/><\/div>\n<\/div>\n<div class=\"pren_form\">\n<p>Gatuadress<\/p>\n<div><input name=\"adress1\" size=\"48\" type=\"text\" \/><\/div>\n<\/div>\n<div class=\"pren_form\">\n<p>Postnummer och ort<\/p>\n<div><input name=\"postnum\" size=\"48\" type=\"text\" \/><\/div>\n<\/div>\n<div class=\"pren_form\">\n<p>Ev kommentarer<\/p>\n<div><textarea cols=\"47\" name=\"kommentar\" rows=\"4\"><\/textarea><\/div>\n<\/div>\n<div class=\"pren_form\">\n<div><input type=\"submit\" value=\"Skicka\" \/> <input type=\"reset\" value=\"Rensa\" \/><\/div>\n<\/div>\n<\/form>\n","protected":false},"excerpt":{"rendered":"<p>\u00ab Nummer &#8211; 00\/02Nummer &#8211; 06\/08 \u00bb Kryssa f\u00f6r de nummer du vill k\u00f6pa och ange din adress l\u00e4ngst ner p\u00e5 sidan s\u00e5 skickar vi tidningarna tillsammans med faktura, inom Sverige tillkommer en portoavgift p\u00e5 40:- per best\u00e4llning, till \u00f6vriga v\u00e4rlden debiteras ordinarie porto. Fr\u00e5gor om best\u00e4llningarna besvaras p\u00e5 eller 031- 743 99 05, N\u00e4tverkstans [&hellip;]<\/p>\n","protected":false},"author":3,"featured_media":0,"parent":0,"menu_order":0,"comment_status":"closed","ping_status":"open","template":"","meta":[],"_links":{"self":[{"href":"https:\/\/teatertidningen.se\/index.php?rest_route=\/wp\/v2\/pages\/820"}],"collection":[{"href":"https:\/\/teatertidningen.se\/index.php?rest_route=\/wp\/v2\/pages"}],"about":[{"href":"https:\/\/teatertidningen.se\/index.php?rest_route=\/wp\/v2\/types\/page"}],"author":[{"embeddable":true,"href":"https:\/\/teatertidningen.se\/index.php?rest_route=\/wp\/v2\/users\/3"}],"replies":[{"embeddable":true,"href":"https:\/\/teatertidningen.se\/index.php?rest_route=%2Fwp%2Fv2%2Fcomments&post=820"}],"version-history":[{"count":9,"href":"https:\/\/teatertidningen.se\/index.php?rest_route=\/wp\/v2\/pages\/820\/revisions"}],"predecessor-version":[{"id":3871,"href":"https:\/\/teatertidningen.se\/index.php?rest_route=\/wp\/v2\/pages\/820\/revisions\/3871"}],"wp:attachment":[{"href":"https:\/\/teatertidningen.se\/index.php?rest_route=%2Fwp%2Fv2%2Fmedia&parent=820"}],"curies":[{"name":"wp","href":"https:\/\/api.w.org\/{rel}","templated":true}]}}