{"id":822,"date":"2014-11-08T15:56:45","date_gmt":"2014-11-08T14:56:45","guid":{"rendered":"https:\/\/teatertidningen.se\/?page_id=822"},"modified":"2026-03-25T09:53:24","modified_gmt":"2026-03-25T08:53:24","slug":"kop-vara-tidigare-nummer-0608","status":"publish","type":"page","link":"https:\/\/teatertidningen.se\/?page_id=822","title":{"rendered":"K\u00f6p v\u00e5ra tidigare nummer \u2013 06\/08"},"content":{"rendered":"<div class=\"page-nav\">\u00ab <a class=\"prev\" title=\"K\u00f6p v\u00e5ra tidigare nummer \u2013 03\/05\" href=\"https:\/\/teatertidningen.se\/?page_id=820\">Nummer &#8211; 03\/05<\/a><a class=\"next\" title=\"K\u00f6p v\u00e5ra tidigare nummer \u2013 09\/-\" href=\"https:\/\/teatertidningen.se\/?page_id=826\">Nummer &#8211; 09\/- <\/a>\u00bb<\/div>\n<p>Kryssa f\u00f6r de nummer du vill k\u00f6pa och ange din adress l\u00e4ngst ner p\u00e5 sidan s\u00e5 skickar vi tidningarna tillsammans med faktura, inom Sverige tillkommer en portoavgift p\u00e5 40:- per best\u00e4llning, till \u00f6vriga v\u00e4rlden debiteras ordinarie porto. Fr\u00e5gor om best\u00e4llningarna besvaras p\u00e5 <a class=\"email-link\" href=\"mailto:&#108;&#111;&#115;&#110;&#117;m&#109;e&#114;&#64;t&#101;ater&#116;id&#110;ing&#101;n.s&#101;\" title=\"Email\" target=\"_blank\">losnu&#109;mer&#64;&#116;eat&#101;&#114;tid&#110;i&#110;&#103;&#101;&#110;&#46;s&#101;<\/a> eller 031- 743 99 05, N\u00e4tverkstans ekonomitj\u00e4nst. Prenumeration kan best\u00e4llas <a title=\"Prenumerera\" href=\"https:\/\/teatertidningen.se\/?page_id=7\">h\u00e4r<\/a> eller du kan avbryta genom att g\u00e5 till <a title=\"Hem\" href=\"https:\/\/teatertidningen.se\/\">Teatertidningens<\/a> f\u00f6rsta sida.<\/p>\n<p>Vi hanterar alla personuppgifter enligt g\u00e4llande lagstiftning. F\u00f6r mer information, se: <em><a href=\"http:\/\/www.natverkstan.net\/personuppgifterprenumeration\/\">www.natverkstan.net\/personuppgifterprenumeration\/<\/a><\/em><\/p>\n<\/p>\n<form action=\"https:\/\/teatertidningen.se\/formmail.php\" method=\"post\">\n<div id=\"numbers\">\n<ul>\n<li>\n<div><img loading=\"lazy\" src=\"https:\/\/teatertidningen.se\/Teatertidningen_old\/t125.jpg\" alt=\"\" width=\"91\" height=\"123\" border=\"0\" \/><\/div>\n<h4>125 Dramaturgerna kommer<\/h4>\n<p>Stort temanummer om vad dramaturgen g\u00f6r p\u00e5 jobbet och med vem. Pj\u00e4sen: Ninna Tersmans I djurets \u00f6ga.<\/p>\n<div><input name=\"nummer[]\" type=\"checkbox\" value=\"125 (1\/2006)\" \/>nr 125 (1\/06) 70:-<\/div>\n<\/li>\n<li>\n<div><img loading=\"lazy\" src=\"https:\/\/teatertidningen.se\/Teatertidningen_old\/t126.jpg\" alt=\"\" width=\"91\" height=\"123\" border=\"0\" \/><\/div>\n<h4>126\/127 Teater-kritiken tar plats<\/h4>\n<p>Vi ger teaterkritiken det utrymme den inte f\u00e5r i dagspressen. Leif Zern om teaterkritiken idag. Feministisk teater, G\u00f6teborg, barnteater. Pj\u00e4sen: Torbj\u00f6rn Flygts<i> Karri\u00e4r <\/i><\/p>\n<div><input name=\"nummer[]\" type=\"checkbox\" value=\"126\/127 (2-3\/2006) \" \/>nr 126\/127 (2-3\/06) 75:-<\/div>\n<\/li>\n<li>\n<div><img loading=\"lazy\" src=\"https:\/\/teatertidningen.se\/Teatertidningen_old\/t128.jpg\" alt=\"\" width=\"91\" height=\"129\" border=\"0\" \/><\/div>\n<h4>128 Teater + musik<\/h4>\n<p>Vem bryr sig om teatermusiken. Vi m\u00f6ter regiss\u00f6rer och komposit\u00f6rer som Carolina Fr\u00e4nde, Leif Jordansson, Malin H\u00fclphers, G\u00f6ran Martling, Simon Stensland.<\/p>\n<div><input name=\"nummer[]\" type=\"checkbox\" value=\"128 (4\/2006)\" \/>nr 128 (4\/06) 75:-<\/div>\n<\/li>\n<li>\n<div><img loading=\"lazy\" src=\"https:\/\/teatertidningen.se\/Teatertidningen_old\/t129.jpg\" alt=\"\" width=\"90\" height=\"122\" border=\"0\" \/><\/div>\n<h4>129 Ungkultur 07<\/h4>\n<p>Nils Poletti och Unga Tur, Backa och \u00c4lvsborgsteatern, skolan och teatern, pj\u00e4sen<i> Reclaim the klassrum <\/i>av Shima Niavarani<\/p>\n<div><input name=\"nummer[]\" type=\"checkbox\" value=\"129 (5\/06)\" \/>nr 129 (5\/06) 75:-<\/div>\n<\/li>\n<li>\n<div><img loading=\"lazy\" src=\"https:\/\/teatertidningen.se\/Teatertidningen_old\/t130.jpg\" alt=\"\" width=\"90\" height=\"122\" border=\"0\" \/><\/div>\n<h4>130 Teater och verklighet<\/h4>\n<p>Finns egentligen dokument\u00e4ren, Den poslke r\u00f6rmokaren p\u00e5 scen, Berlins annorlunda teaterklimat, Alexander M\u00f6rk-Eidem.Pj\u00e4s: Marcus Lindeens<i> \u00c5ngrarna <\/i><\/p>\n<div><input name=\"nummer[]\" type=\"checkbox\" value=\"130(1\/2007) \" \/>nr 130 (1\/2007) 75:-<\/div>\n<\/li>\n<li>\n<div><img loading=\"lazy\" src=\"https:\/\/teatertidningen.se\/Teatertidningen_old\/t131.jpg\" alt=\"\" width=\"90\" height=\"122\" border=\"0\" \/><\/div>\n<h4>131-132 Varf\u00f6r beh\u00f6ver vi teaterkritik<\/h4>\n<p>Stort temablock med unga teaterkritiker. Teater i Kina och Ukraina. Portr\u00e4tt av sk\u00e5despelerskan Malin Halland. Pj\u00e4s: David Vikgrens<i> Hem. <\/i><\/p>\n<div><input name=\"nummer[]\" type=\"checkbox\" value=\"131\/132 (2-3\/2007)\" \/>nr 131\/132\u00a0(2-3\/2007) 95:-<\/div>\n<\/li>\n<li>\n<div><img loading=\"lazy\" src=\"https:\/\/teatertidningen.se\/Teatertidningen_old\/t133.jpg\" alt=\"\" width=\"90\" height=\"122\" border=\"0\" \/><\/div>\n<h4>133 Motst\u00e5nd<\/h4>\n<p>Mellika Melani, Lisa Langseth, Anders Paulin, Sydafrikansk teater, \u00e5teruppt\u00e4ckta kvinnliga dramatiker, teaterfestival i Edinburgh. Pj\u00e4s: Christina Ouzounidis&#8217;<i> Ordet &#8211; k\u00f6tt <\/i><\/p>\n<div><input name=\"nummer[]\" type=\"checkbox\" value=\"133 (4\/2007)\" \/>nr 133 (4\/2007) 75:-<\/div>\n<\/li>\n<li>\n<div><img loading=\"lazy\" src=\"https:\/\/teatertidningen.se\/Teatertidningen_old\/t134.jpg\" alt=\"\" width=\"95\" height=\"129\" border=\"0\" \/><\/div>\n<h4>134 Kontorversiellt och internationellt.<\/h4>\n<p>Radioteatern, Backa teater, Sonja Kuftinec, Hannes Meidal, Theatertreffen,. Pj\u00e4sen<i> M som i m\u00e4nniska <\/i>av Ambj\u00f6rn Johansson.<\/p>\n<div><input name=\"nummer[]\" type=\"checkbox\" value=\"134 (5\/2007)\" \/>nr 134 (5\/2007) 75:-<\/div>\n<\/li>\n<li>\n<div><img loading=\"lazy\" src=\"https:\/\/teatertidningen.se\/Teatertidningen_old\/t135.jpg\" alt=\"\" width=\"90\" height=\"121\" border=\"0\" \/><\/div>\n<h4>135 Sponsoring<\/h4>\n<p>Vicky van der Lacken, Benny Fredriksson, Frida R\u00f6hl, Emma Stenstr\u00f6m. Pj\u00e4sen<i> Oslagbara <\/i>av Gustav Tegby.<\/p>\n<div><input name=\"nummer[]\" type=\"checkbox\" value=\"135 (1\/08)\" \/>nr 135 (1\/2008) 75:-<\/div>\n<\/li>\n<li>\n<div><img loading=\"lazy\" src=\"https:\/\/teatertidningen.se\/Teatertidningen_old\/t136_137.jpg\" alt=\"\" width=\"90\" height=\"122\" border=\"0\" \/><\/div>\n<h4>136\/137 Hur skakar man liv i orden?<\/h4>\n<p>Carolina Fr\u00e4nde, \u00c5sa Kalm\u00e9r, Anna Takanen, Rimini protokoll, postdramatisk teater, Moomsteatern.Pj\u00e4s: Bj\u00f6rn Runges &#8221;Night Rider&#8221;<\/p>\n<div><input name=\"nummer[]\" type=\"checkbox\" value=\"136\/137 (2-3\/2008)\" \/>nr 136\/137 (2-3\/2008) 95:-<\/div>\n<\/li>\n<li>\n<div><img loading=\"lazy\" src=\"https:\/\/teatertidningen.se\/Teatertidningen_old\/t138.jpg\" alt=\"\" width=\"57\" height=\"76\" border=\"0\" \/><\/div>\n<h4>138 Var pekar kulturpolitiken?<\/h4>\n<p>Frida R\u00f6hl m\u00f6ter Bengt G\u00f6ransson. Ann-Sofie K\u00f6ping och Rikard Hoogland om kulturpolitiken. Theatertreffen i Berlin och Dans- och teaterfestivalen i G\u00f6teborg. Pj\u00e4s: America Vera-Zavalas &#8221;Etnoporr&#8221;<\/p>\n<div><input name=\"nummer[]\" type=\"checkbox\" value=\"138 (4\/2008)\" \/>nr 138 (4\/2008) 75:-<\/div>\n<\/li>\n<li>\n<div><img loading=\"lazy\" src=\"https:\/\/teatertidningen.se\/Teatertidningen_old\/t139.jpg\" alt=\"\" width=\"60\" height=\"81\" border=\"0\" \/><\/div>\n<h4>139 Kulturutredningen under lupp!<\/h4>\n<p>Jes\u00fas Alcal\u00e1 har studerat f\u00f6rslagen fr\u00e5n den kommande kulturutredningen. Jacob Hirdwall och Anna Wallander intervjuas m.m. Pj\u00e4sen Michael Azars sp\u00e4nnande utpressningsdrama &#8221;Deadline&#8221;<\/p>\n<div><input name=\"nummer[]\" type=\"checkbox\" value=\"139 (5\/2008)\" \/>nr 139 (5\/2008)<\/div>\n<\/li>\n<\/ul>\n<\/div>\n<h4>Jag vill k\u00f6pa ovanst\u00e5ende f\u00f6rkryssade tidningar<\/h4>\n<p class=\"pren-text\">(Tidningarna skickas med faktura, inom Sverige tillkommer en portoavgift p\u00e5 40:- per best\u00e4llning, till \u00f6vriga v\u00e4rlden debiteras ordinarie porto. )<\/p>\n<div class=\"pren_form\">\n<p>Namn<\/p>\n<div><input maxlength=\"50\" name=\"realname\" size=\"48\" type=\"text\" \/><\/div>\n<\/div>\n<div class=\"pren_form\">\n<p>e-post<\/p>\n<div><input maxlength=\"50\" name=\"email\" size=\"48\" type=\"text\" \/><\/div>\n<\/div>\n<div class=\"pren_form\">\n<p>Gatuadress<\/p>\n<div><input name=\"adress1\" size=\"48\" type=\"text\" \/><\/div>\n<\/div>\n<div class=\"pren_form\">\n<p>Postnummer och ort<\/p>\n<div><input name=\"postnum\" size=\"48\" type=\"text\" \/><\/div>\n<\/div>\n<div class=\"pren_form\">\n<p>Ev kommentarer<\/p>\n<div><textarea cols=\"47\" name=\"kommentar\" rows=\"4\"><\/textarea><\/div>\n<\/div>\n<div class=\"pren_form\">\n<div><input type=\"submit\" value=\"Skicka\" \/> <input type=\"reset\" value=\"Rensa\" \/><\/div>\n<\/div>\n<\/form>\n","protected":false},"excerpt":{"rendered":"<p>\u00ab Nummer &#8211; 03\/05Nummer &#8211; 09\/- \u00bb Kryssa f\u00f6r de nummer du vill k\u00f6pa och ange din adress l\u00e4ngst ner p\u00e5 sidan s\u00e5 skickar vi tidningarna tillsammans med faktura, inom Sverige tillkommer en portoavgift p\u00e5 40:- per best\u00e4llning, till \u00f6vriga v\u00e4rlden debiteras ordinarie porto. Fr\u00e5gor om best\u00e4llningarna besvaras p\u00e5 eller 031- 743 99 05, N\u00e4tverkstans [&hellip;]<\/p>\n","protected":false},"author":3,"featured_media":0,"parent":0,"menu_order":0,"comment_status":"closed","ping_status":"open","template":"","meta":[],"_links":{"self":[{"href":"https:\/\/teatertidningen.se\/index.php?rest_route=\/wp\/v2\/pages\/822"}],"collection":[{"href":"https:\/\/teatertidningen.se\/index.php?rest_route=\/wp\/v2\/pages"}],"about":[{"href":"https:\/\/teatertidningen.se\/index.php?rest_route=\/wp\/v2\/types\/page"}],"author":[{"embeddable":true,"href":"https:\/\/teatertidningen.se\/index.php?rest_route=\/wp\/v2\/users\/3"}],"replies":[{"embeddable":true,"href":"https:\/\/teatertidningen.se\/index.php?rest_route=%2Fwp%2Fv2%2Fcomments&post=822"}],"version-history":[{"count":9,"href":"https:\/\/teatertidningen.se\/index.php?rest_route=\/wp\/v2\/pages\/822\/revisions"}],"predecessor-version":[{"id":3872,"href":"https:\/\/teatertidningen.se\/index.php?rest_route=\/wp\/v2\/pages\/822\/revisions\/3872"}],"wp:attachment":[{"href":"https:\/\/teatertidningen.se\/index.php?rest_route=%2Fwp%2Fv2%2Fmedia&parent=822"}],"curies":[{"name":"wp","href":"https:\/\/api.w.org\/{rel}","templated":true}]}}